{"id":96098,"date":"2025-07-02T23:09:47","date_gmt":"2025-07-02T21:09:47","guid":{"rendered":"https:\/\/idejadekori.com\/?page_id=96098"},"modified":"2025-07-16T22:20:12","modified_gmt":"2025-07-16T20:20:12","slug":"cookie-richtlinie","status":"publish","type":"page","link":"https:\/\/idejadekori.com\/de\/cookie-richtlinie\/","title":{"rendered":"Cookie-Richtlinie"},"content":{"rendered":"\t\t<div data-elementor-type=\"wp-page\" data-elementor-id=\"96098\" class=\"elementor elementor-96098 elementor-93610\" data-elementor-post-type=\"page\">\n\t\t\t\t\t\t<section class=\"elementor-section elementor-top-section elementor-element elementor-element-bf07b65 elementor-section-boxed elementor-section-height-default elementor-section-height-default\" data-id=\"bf07b65\" data-element_type=\"section\" data-e-type=\"section\">\n\t\t\t\t\t\t<div class=\"elementor-container elementor-column-gap-default\">\n\t\t\t\t\t<div class=\"elementor-column elementor-col-100 elementor-top-column elementor-element elementor-element-6ff29a78\" data-id=\"6ff29a78\" data-element_type=\"column\" data-e-type=\"column\">\n\t\t\t<div class=\"elementor-widget-wrap elementor-element-populated\">\n\t\t\t\t\t\t<div class=\"elementor-element elementor-element-7faddf2d elementor-widget elementor-widget-text-editor\" data-id=\"7faddf2d\" data-element_type=\"widget\" data-e-type=\"widget\" data-widget_type=\"text-editor.default\">\n\t\t\t\t<div class=\"elementor-widget-container\">\n\t\t\t\t\t\t\t\t\t\n<p>Diese Website speichert zur Verbesserung der Nutzererfahrung\u00a0kleine Textdateien (\u201eCookies\u201c) auf Ihrem Computer. Diese Praxis findet sich auf mindestens 90% aller Websites weltweit. Gem\u00e4\u00df der EU-Richtlinie vom Mai 2011 sind wir jedoch verpflichtet, Ihre\u00a0Zustimmung zur Speicherung von Cookies\u00a0einzuholen. Durch die Nutzung dieser Website erkl\u00e4ren Sie sich mit der Verwendung von Cookies einverstanden. Auch wenn Sie Cookies blockieren, k\u00f6nnen Sie unsere Website weiterhin besuchen, allerdings stehen Ihnen einige Funktionen dann m\u00f6glicherweise nicht zur Verf\u00fcgung.<\/p>\n\n\n\n<h2 class=\"wp-block-heading\">Was ist ein Cookie?<\/h2>\n\n\n\n<p>Ein \u201eCookie\u201c ist eine\u00a0kleine Datei, die von der besuchten Website auf Ihrem Computer gespeichert wird. Er erkennt einen\u00a0wiederkehrenden Nutzer\u00a0und merkt sich dessen Einstellungen. Cookies speichern Ihre Pr\u00e4ferenzen, Formularinhalte und Anmeldeinformationen.<\/p>\n<p>Cookies k\u00f6nnen eine Vielzahl an Informationen speichern, aber\u00a0diese Informationen werden nur dann gespeichert, wenn der Nutzer dies erlaubt\u00a0\u2013 Websites k\u00f6nnen ohne Ihre Zustimmung nicht auf Daten zugreifen oder auf andere Dateien auf Ihrem Computer zugreifen. Cookies\u00a0enthalten keine personenbezogenen Daten\u00a0und keine Informationen, die Sie als Person identifizieren k\u00f6nnen.<\/p>\n<p>Der Nutzer kann jederzeit die Einstellungen in seinem Webbrowser \u00e4ndern und so festlegen, ob er das Speichern von Cookies zulassen oder ablehnen m\u00f6chte, sowie gespeicherte Cookies beim Schlie\u00dfen des Browsers automatisch l\u00f6schen lassen.<\/p>\n\n\n\n<h2 class=\"wp-block-heading\">Wie kann man Cookies deaktivieren?<\/h2>\n\n\n\n<p>Durch das Deaktivieren von Cookies bestimmen Sie selbst, ob Cookies\u00a0auf Ihrem Ger\u00e4t gespeichert werden d\u00fcrfen. Cookie-Einstellungen lassen sich\u00a0im Browser\u00a0verwalten und konfigurieren. Auch wenn Sie Cookies deaktivieren, k\u00f6nnen Sie unsere Website weiterhin nutzen, jedoch mit\u00a0eingeschr\u00e4nkter Funktionalit\u00e4t.<\/p>\n\n\n\n<h2 class=\"wp-block-heading\">Was sind \u201ePersistent Cookies\u201c (dauerhafte Cookies)?<\/h2>\n\n\n\n<p>Dauerhafte Cookies\u00a0bleiben auf Ihrem Computer gespeichert, auch nachdem Sie den Browser schlie\u00dfen. Sie speichern Informationen wie\u00a0Benutzernamen und Passw\u00f6rter, sodass Sie sich nicht bei jedem Besuch neu anmelden m\u00fcssen.<\/p>\n\n\n\n<h2 class=\"wp-block-heading\">Was sind \u201eSession Cookies\u201c (Sitzungscookies)?<\/h2>\n\n\n\n<p>Session Cookies\u00a0werden nur vor\u00fcbergehend gespeichert\u00a0und automatisch gel\u00f6scht, sobald Sie den Browser schlie\u00dfen. Sie helfen dabei, z.\u202fB. den Inhalt eines Warenkorbs w\u00e4hrend einer Sitzung zu speichern.<\/p>\n\n\n\n<h2 class=\"wp-block-heading\">Was sind \u201eFirst-Party-Cookies\u201c (Cookies von der besuchten Website)?<\/h2>\n\n\n\n<p>Diese Cookies stammen von der Website, die der Nutzer gerade besucht. Sie k\u00f6nnen\u00a0tempor\u00e4r oder dauerhaft\u00a0sein und speichern Informationen, die bei einem erneuten Besuch\u00a0wiederverwendet werden.<\/p>\n\n\n\n<h2 class=\"wp-block-heading\">Was sind \u201eThird-Party-Cookies\u201c (Cookies Dritter)?<\/h2>\n\n\n\n<p>Third-Party-Cookies stammen von\u00a0externen Partner-Websites, die Inhalte oder Werbeanzeigen bereitstellen. Sie\u00a0sammeln Informationen \u00fcber das Nutzerverhalten\u00a0auf verschiedenen Websites und werden h\u00e4ufig f\u00fcr\u00a0Marketing- und Analysezwecke\u00a0verwendet.<\/p>\n\n\n\n<h2 class=\"wp-block-heading\">Verwendet idejadekori.com Cookies?<\/h2>\n\n\n\n<p>Ja, vor allem mit dem Ziel, ein\u00a0besseres Benutzererlebnis\u00a0auf unserer Website zu gew\u00e4hrleisten.<\/p>\n\n\n\n<h2 class=\"wp-block-heading\">Welche Arten von Cookies verwendet idejadekori.com und warum?<\/h2>\n\n\n\n<ul class=\"wp-block-list\">\n<li>Session Cookies (Sitzungscookies)\u00a0\u2013 Sie sind tempor\u00e4r und werden\u00a0automatisch gel\u00f6scht, sobald der Browser geschlossen wird. Wir verwenden sie, um Ihre Benutzererfahrung\u00a0w\u00e4hrend Ihres Besuchs zu verbessern.<\/li>\n<li>Persistent Cookies (dauerhafte Cookies)\u00a0\u2013 Sie haben in der Regel ein langfristiges Ablaufdatum und\u00a0bleiben im Browser gespeichert, bis sie ablaufen oder manuell gel\u00f6scht werden. Diese Cookies helfen uns,\u00a0das Verhalten der Nutzer besser zu verstehen, um unsere Website entsprechend anzupassen. Die gesammelten Informationen sind\u00a0anonym.<\/li>\n<\/ul>\n\n\n\n<h2 class=\"wp-block-heading\">Verwendet idejadekori.com Third-Party-Cookies?<\/h2>\n\n\n\n<p>Ja, einige externe Dienste k\u00f6nnen\u00a0Cookies auf dem Ger\u00e4t des Nutzers speichern. Diese Cookies werden\u00a0nicht durch unsere Website\u00a0gesetzt, sind aber f\u00fcr das Funktionieren bestimmter Funktionen erforderlich und verbessern die Benutzerfreundlichkeit.<\/p>\n\n\n\n<ul class=\"wp-block-list\"><\/ul>\n<p>Aktuell nutzen wir:<\/p>\n<ul>\n<li>Soziale Netzwerke<br \/>Beim Teilen von Inhalten auf sozialen Netzwerken werden Cookies gesetzt.<\/li>\n<li>Besucheranalyse<br \/>idejadekori.com verwendet den\u00a0Google Analytics-Dienst zur Besuchermessung.<\/li>\n<li>Werbung<br \/>Werbeanzeigen werden \u00fcber das\u00a0Google AdSense-System geschaltet.<\/li>\n<\/ul>\n\n\n\n<h2 class=\"wp-block-heading\">Weitere Informationen zum Deaktivieren von Cookies<\/h2>\n\n\n\n<p>Es gibt mehrere Websites, \u00fcber die Nutzer das Speichern von Cookies\u00a0f\u00fcr verschiedene Dienste deaktivieren\u00a0k\u00f6nnen. Mehr Informationen finden Sie hier:<\/p>\n<p><a href=\"http:\/\/www.allaboutcookies.org\/\" target=\"_blank\" rel=\"noreferrer noopener\">http:\/\/www.allaboutcookies.org\/<\/a> <br \/><a href=\"http:\/\/www.youronlinechoices.eu\/\" target=\"_blank\" rel=\"noreferrer noopener\">http:\/\/www.youronlinechoices.eu\/<\/a><\/p>\n\n\n\n<p>&nbsp;<\/p>\n\t\t\t\t\t\t\t\t<\/div>\n\t\t\t\t<\/div>\n\t\t\t\t\t<\/div>\n\t\t<\/div>\n\t\t\t\t\t<\/div>\n\t\t<\/section>\n\t\t\t\t<\/div>\n\t\t","protected":false},"excerpt":{"rendered":"<p>Diese Website speichert zur Verbesserung der Nutzererfahrung\u00a0kleine Textdateien (\u201eCookies\u201c) auf Ihrem Computer. Diese Praxis findet sich auf mindestens 90% aller Websites weltweit. Gem\u00e4\u00df der EU-Richtlinie vom Mai 2011 sind wir jedoch verpflichtet, Ihre\u00a0Zustimmung zur Speicherung von Cookies\u00a0einzuholen. Durch die Nutzung dieser Website erkl\u00e4ren Sie sich mit der Verwendung von Cookies einverstanden. Auch wenn Sie Cookies&hellip;<\/p>\n","protected":false},"author":2,"featured_media":0,"parent":0,"menu_order":0,"comment_status":"closed","ping_status":"closed","template":"","meta":{"footnotes":""},"class_list":["post-96098","page","type-page","status-publish","hentry"],"yoast_head":"<!-- This site is optimized with the Yoast SEO plugin v27.4 - https:\/\/yoast.com\/product\/yoast-seo-wordpress\/ -->\n<title>Cookie-Richtlinie - Ideja Dekori<\/title>\n<meta name=\"robots\" content=\"index, follow, max-snippet:-1, max-image-preview:large, max-video-preview:-1\" \/>\n<link rel=\"canonical\" href=\"https:\/\/idejadekori.com\/de\/cookie-richtlinie\/\" \/>\n<meta property=\"og:locale\" content=\"de_DE\" \/>\n<meta property=\"og:type\" content=\"article\" \/>\n<meta property=\"og:title\" content=\"Cookie-Richtlinie - Ideja Dekori\" \/>\n<meta property=\"og:description\" content=\"Diese Website speichert zur Verbesserung der Nutzererfahrung\u00a0kleine Textdateien (\u201eCookies\u201c) auf Ihrem Computer. Diese Praxis findet sich auf mindestens 90% aller Websites weltweit. Gem\u00e4\u00df der EU-Richtlinie vom Mai 2011 sind wir jedoch verpflichtet, Ihre\u00a0Zustimmung zur Speicherung von Cookies\u00a0einzuholen. Durch die Nutzung dieser Website erkl\u00e4ren Sie sich mit der Verwendung von Cookies einverstanden. Auch wenn Sie Cookies&hellip;\" \/>\n<meta property=\"og:url\" content=\"https:\/\/idejadekori.com\/de\/cookie-richtlinie\/\" \/>\n<meta property=\"og:site_name\" content=\"Ideja Dekori\" \/>\n<meta property=\"article:publisher\" content=\"https:\/\/www.facebook.com\/idejadekori\/\" \/>\n<meta property=\"article:modified_time\" content=\"2025-07-16T20:20:12+00:00\" \/>\n<meta property=\"og:image\" content=\"https:\/\/idejadekori.com\/wp-content\/uploads\/2017\/05\/ideja_dizajn_logotipa.jpg\" \/>\n\t<meta property=\"og:image:width\" content=\"1200\" \/>\n\t<meta property=\"og:image:height\" content=\"641\" \/>\n\t<meta property=\"og:image:type\" content=\"image\/jpeg\" \/>\n<meta name=\"twitter:card\" content=\"summary_large_image\" \/>\n<meta name=\"twitter:label1\" content=\"Gesch\u00e4tzte Lesezeit\" \/>\n\t<meta name=\"twitter:data1\" content=\"4\u00a0Minuten\" \/>\n<script type=\"application\/ld+json\" class=\"yoast-schema-graph\">{\"@context\":\"https:\\\/\\\/schema.org\",\"@graph\":[{\"@type\":\"WebPage\",\"@id\":\"https:\\\/\\\/idejadekori.com\\\/de\\\/cookie-richtlinie\\\/\",\"url\":\"https:\\\/\\\/idejadekori.com\\\/de\\\/cookie-richtlinie\\\/\",\"name\":\"Cookie-Richtlinie - Ideja Dekori\",\"isPartOf\":{\"@id\":\"https:\\\/\\\/idejadekori.com\\\/#website\"},\"datePublished\":\"2025-07-02T21:09:47+00:00\",\"dateModified\":\"2025-07-16T20:20:12+00:00\",\"breadcrumb\":{\"@id\":\"https:\\\/\\\/idejadekori.com\\\/de\\\/cookie-richtlinie\\\/#breadcrumb\"},\"inLanguage\":\"de\",\"potentialAction\":[{\"@type\":\"ReadAction\",\"target\":[\"https:\\\/\\\/idejadekori.com\\\/de\\\/cookie-richtlinie\\\/\"]}]},{\"@type\":\"BreadcrumbList\",\"@id\":\"https:\\\/\\\/idejadekori.com\\\/de\\\/cookie-richtlinie\\\/#breadcrumb\",\"itemListElement\":[{\"@type\":\"ListItem\",\"position\":1,\"name\":\"Po\u010detna stranica\",\"item\":\"https:\\\/\\\/idejadekori.com\\\/\"},{\"@type\":\"ListItem\",\"position\":2,\"name\":\"Cookie-Richtlinie\"}]},{\"@type\":\"WebSite\",\"@id\":\"https:\\\/\\\/idejadekori.com\\\/#website\",\"url\":\"https:\\\/\\\/idejadekori.com\\\/\",\"name\":\"Ideja Dekori\",\"description\":\"Zavjese, tende, pergole, tepisi\",\"publisher\":{\"@id\":\"https:\\\/\\\/idejadekori.com\\\/#organization\"},\"potentialAction\":[{\"@type\":\"SearchAction\",\"target\":{\"@type\":\"EntryPoint\",\"urlTemplate\":\"https:\\\/\\\/idejadekori.com\\\/?s={search_term_string}\"},\"query-input\":{\"@type\":\"PropertyValueSpecification\",\"valueRequired\":true,\"valueName\":\"search_term_string\"}}],\"inLanguage\":\"de\"},{\"@type\":\"Organization\",\"@id\":\"https:\\\/\\\/idejadekori.com\\\/#organization\",\"name\":\"Ideja Dekori d.o.o.\",\"url\":\"https:\\\/\\\/idejadekori.com\\\/\",\"logo\":{\"@type\":\"ImageObject\",\"inLanguage\":\"de\",\"@id\":\"https:\\\/\\\/idejadekori.com\\\/#\\\/schema\\\/logo\\\/image\\\/\",\"url\":\"https:\\\/\\\/idejadekori.com\\\/wp-content\\\/uploads\\\/2020\\\/03\\\/footer-logo.png\",\"contentUrl\":\"https:\\\/\\\/idejadekori.com\\\/wp-content\\\/uploads\\\/2020\\\/03\\\/footer-logo.png\",\"width\":64,\"height\":109,\"caption\":\"Ideja Dekori d.o.o.\"},\"image\":{\"@id\":\"https:\\\/\\\/idejadekori.com\\\/#\\\/schema\\\/logo\\\/image\\\/\"},\"sameAs\":[\"https:\\\/\\\/www.facebook.com\\\/idejadekori\\\/\",\"https:\\\/\\\/www.instagram.com\\\/ideja.dekori\\\/\"]}]}<\/script>\n<!-- \/ Yoast SEO plugin. -->","yoast_head_json":{"title":"Cookie-Richtlinie - Ideja Dekori","robots":{"index":"index","follow":"follow","max-snippet":"max-snippet:-1","max-image-preview":"max-image-preview:large","max-video-preview":"max-video-preview:-1"},"canonical":"https:\/\/idejadekori.com\/de\/cookie-richtlinie\/","og_locale":"de_DE","og_type":"article","og_title":"Cookie-Richtlinie - Ideja Dekori","og_description":"Diese Website speichert zur Verbesserung der Nutzererfahrung\u00a0kleine Textdateien (\u201eCookies\u201c) auf Ihrem Computer. Diese Praxis findet sich auf mindestens 90% aller Websites weltweit. Gem\u00e4\u00df der EU-Richtlinie vom Mai 2011 sind wir jedoch verpflichtet, Ihre\u00a0Zustimmung zur Speicherung von Cookies\u00a0einzuholen. Durch die Nutzung dieser Website erkl\u00e4ren Sie sich mit der Verwendung von Cookies einverstanden. Auch wenn Sie Cookies&hellip;","og_url":"https:\/\/idejadekori.com\/de\/cookie-richtlinie\/","og_site_name":"Ideja Dekori","article_publisher":"https:\/\/www.facebook.com\/idejadekori\/","article_modified_time":"2025-07-16T20:20:12+00:00","og_image":[{"width":1200,"height":641,"url":"https:\/\/idejadekori.com\/wp-content\/uploads\/2017\/05\/ideja_dizajn_logotipa.jpg","type":"image\/jpeg"}],"twitter_card":"summary_large_image","twitter_misc":{"Gesch\u00e4tzte Lesezeit":"4\u00a0Minuten"},"schema":{"@context":"https:\/\/schema.org","@graph":[{"@type":"WebPage","@id":"https:\/\/idejadekori.com\/de\/cookie-richtlinie\/","url":"https:\/\/idejadekori.com\/de\/cookie-richtlinie\/","name":"Cookie-Richtlinie - Ideja Dekori","isPartOf":{"@id":"https:\/\/idejadekori.com\/#website"},"datePublished":"2025-07-02T21:09:47+00:00","dateModified":"2025-07-16T20:20:12+00:00","breadcrumb":{"@id":"https:\/\/idejadekori.com\/de\/cookie-richtlinie\/#breadcrumb"},"inLanguage":"de","potentialAction":[{"@type":"ReadAction","target":["https:\/\/idejadekori.com\/de\/cookie-richtlinie\/"]}]},{"@type":"BreadcrumbList","@id":"https:\/\/idejadekori.com\/de\/cookie-richtlinie\/#breadcrumb","itemListElement":[{"@type":"ListItem","position":1,"name":"Po\u010detna stranica","item":"https:\/\/idejadekori.com\/"},{"@type":"ListItem","position":2,"name":"Cookie-Richtlinie"}]},{"@type":"WebSite","@id":"https:\/\/idejadekori.com\/#website","url":"https:\/\/idejadekori.com\/","name":"Ideja Dekori","description":"Zavjese, tende, pergole, tepisi","publisher":{"@id":"https:\/\/idejadekori.com\/#organization"},"potentialAction":[{"@type":"SearchAction","target":{"@type":"EntryPoint","urlTemplate":"https:\/\/idejadekori.com\/?s={search_term_string}"},"query-input":{"@type":"PropertyValueSpecification","valueRequired":true,"valueName":"search_term_string"}}],"inLanguage":"de"},{"@type":"Organization","@id":"https:\/\/idejadekori.com\/#organization","name":"Ideja Dekori d.o.o.","url":"https:\/\/idejadekori.com\/","logo":{"@type":"ImageObject","inLanguage":"de","@id":"https:\/\/idejadekori.com\/#\/schema\/logo\/image\/","url":"https:\/\/idejadekori.com\/wp-content\/uploads\/2020\/03\/footer-logo.png","contentUrl":"https:\/\/idejadekori.com\/wp-content\/uploads\/2020\/03\/footer-logo.png","width":64,"height":109,"caption":"Ideja Dekori d.o.o."},"image":{"@id":"https:\/\/idejadekori.com\/#\/schema\/logo\/image\/"},"sameAs":["https:\/\/www.facebook.com\/idejadekori\/","https:\/\/www.instagram.com\/ideja.dekori\/"]}]}},"_links":{"self":[{"href":"https:\/\/idejadekori.com\/de\/wp-json\/wp\/v2\/pages\/96098","targetHints":{"allow":["GET"]}}],"collection":[{"href":"https:\/\/idejadekori.com\/de\/wp-json\/wp\/v2\/pages"}],"about":[{"href":"https:\/\/idejadekori.com\/de\/wp-json\/wp\/v2\/types\/page"}],"author":[{"embeddable":true,"href":"https:\/\/idejadekori.com\/de\/wp-json\/wp\/v2\/users\/2"}],"replies":[{"embeddable":true,"href":"https:\/\/idejadekori.com\/de\/wp-json\/wp\/v2\/comments?post=96098"}],"version-history":[{"count":4,"href":"https:\/\/idejadekori.com\/de\/wp-json\/wp\/v2\/pages\/96098\/revisions"}],"predecessor-version":[{"id":96569,"href":"https:\/\/idejadekori.com\/de\/wp-json\/wp\/v2\/pages\/96098\/revisions\/96569"}],"wp:attachment":[{"href":"https:\/\/idejadekori.com\/de\/wp-json\/wp\/v2\/media?parent=96098"}],"curies":[{"name":"wp","href":"https:\/\/api.w.org\/{rel}","templated":true}]}}