{"id":96580,"date":"2025-07-16T22:25:55","date_gmt":"2025-07-16T20:25:55","guid":{"rendered":"https:\/\/idejadekori.com\/?page_id=96580"},"modified":"2025-07-16T22:26:49","modified_gmt":"2025-07-16T20:26:49","slug":"erklaerung-zur-sicherheit-von-online-zahlungen","status":"publish","type":"page","link":"https:\/\/idejadekori.com\/de\/erklaerung-zur-sicherheit-von-online-zahlungen\/","title":{"rendered":"Erkl\u00e4rung zur Sicherheit von Online-Zahlungen"},"content":{"rendered":"\t\t<div data-elementor-type=\"wp-page\" data-elementor-id=\"96580\" class=\"elementor elementor-96580 elementor-93554\" data-elementor-post-type=\"page\">\n\t\t\t\t\t\t<section class=\"elementor-section elementor-top-section elementor-element elementor-element-08d864d elementor-section-boxed elementor-section-height-default elementor-section-height-default\" data-id=\"08d864d\" data-element_type=\"section\" data-e-type=\"section\">\n\t\t\t\t\t\t<div class=\"elementor-container elementor-column-gap-default\">\n\t\t\t\t\t<div class=\"elementor-column elementor-col-100 elementor-top-column elementor-element elementor-element-12b9ce1\" data-id=\"12b9ce1\" data-element_type=\"column\" data-e-type=\"column\">\n\t\t\t<div class=\"elementor-widget-wrap elementor-element-populated\">\n\t\t\t\t\t\t<div class=\"elementor-element elementor-element-23266f3 elementor-widget elementor-widget-text-editor\" data-id=\"23266f3\" data-element_type=\"widget\" data-e-type=\"widget\" data-widget_type=\"text-editor.default\">\n\t\t\t\t<div class=\"elementor-widget-container\">\n\t\t\t\t\t\t\t\t\t<p>Beim Bezahlen in unserem Webshop nutzen Sie\u00a0CorvusPay\u00a0\u2013 ein\u00a0modernes System zur sicheren Abwicklung von Online-Kartenzahlungen.<\/p><p>Das\u00a0CorvusPay-System gew\u00e4hrleistet die vollst\u00e4ndige Vertraulichkeit Ihrer Karten- und pers\u00f6nlichen Daten, und zwar ab dem Zeitpunkt, an dem Sie diese in das CorvusPay-Zahlungsformular eingeben. Die Zahlungsinformationen werden\u00a0verschl\u00fcsselt\u00a0von Ihrem Webbrowser an die Bank weitergeleitet, die Ihre Karte ausgestellt hat. Unser Webshop\u00a0hat zu keinem Zeitpunkt Zugriff\u00a0auf Ihre vollst\u00e4ndigen Kartendaten. Auch\u00a0CorvusPay-Mitarbeiter haben keinen Zugriff\u00a0auf diese Daten. Ein isolierter Kern \u00fcbertr\u00e4gt und verwaltet sensible Daten eigenst\u00e4ndig und h\u00e4lt sie dabei vollst\u00e4ndig gesch\u00fctzt.<\/p><p>Das Zahlungsformular ist durch ein\u00a0SSL-Verschl\u00fcsselungsprotokoll h\u00f6chster Sicherheit\u00a0gesichert. Alle gespeicherten Daten sind zus\u00e4tzlich durch\u00a0Verschl\u00fcsselung mit einem kryptographischen Ger\u00e4t gesch\u00fctzt, das gem\u00e4\u00df dem\u00a0FIPS 140-2 Level 3 Standard zertifiziert\u00a0ist.<br \/>CorvusPay erf\u00fcllt\u00a0alle Sicherheitsanforderungen f\u00fchrender Kartenanbieter\u00a0im Bereich Online-Zahlungen und arbeitet gem\u00e4\u00df dem\u00a0PCI DSS Level 1 Standard, dem h\u00f6chsten Sicherheitsstandard der Zahlungsverkehrsbranche.<\/p><p>Wenn Sie mit einer Kreditkarte bezahlen, die am 3-D Secure-Programm teilnimmt, pr\u00fcft Ihre kartenausgebende Bank zus\u00e4tzlich zu den Kartendaten auch\u00a0Ihre Identit\u00e4t mittels Token oder Passwort.<\/p><p>CorvusPay behandelt\u00a0alle gesammelten Informationen als streng vertraulich\u00a0und verwendet sie ausschlie\u00dflich zu dem Zweck, f\u00fcr den sie bestimmt sind. Ihre sensiblen Daten sind vollst\u00e4ndig gesichert, und deren\u00a0Datenschutz wird durch modernste Sicherheitsmechanismen gew\u00e4hrleistet. Es werden nur die\u00a0zur Abwicklung des Zahlvorgangs unbedingt notwendigen Daten\u00a0gesammelt, und das unter strikter Einhaltung aller geltenden Vorschriften f\u00fcr Online-Zahlungen.<\/p><p>Die\u00a0Sicherheitskontrollen\u00a0und\u00a0betriebsinternen Verfahren, die innerhalb unserer Infrastruktur angewendet werden, gew\u00e4hrleisten die\u00a0Zuverl\u00e4ssigkeit des CorvusPay-Systems\u00a0in jeder Phase der Nutzung. Dar\u00fcber hinaus sorgen\u00a0strenge Zugangskontrollen,\u00a0kontinuierliche Sicherheits\u00fcberwachung,\u00a0tiefgehende Sicherheitspr\u00fcfungen zur Erkennung potenzieller Schwachstellen, sowie geplante Umsetzungen von Richtlinien zur Informationssicherheit daf\u00fcr,\u00a0das Sicherheitsniveau dauerhaft zu gew\u00e4hrleisten und zu verbessern, insbesondere zum Schutz Ihrer Kreditkartendaten.<\/p>\t\t\t\t\t\t\t\t<\/div>\n\t\t\t\t<\/div>\n\t\t\t\t\t<\/div>\n\t\t<\/div>\n\t\t\t\t\t<\/div>\n\t\t<\/section>\n\t\t\t\t<\/div>\n\t\t","protected":false},"excerpt":{"rendered":"<p>Beim Bezahlen in unserem Webshop nutzen Sie\u00a0CorvusPay\u00a0\u2013 ein\u00a0modernes System zur sicheren Abwicklung von Online-Kartenzahlungen. Das\u00a0CorvusPay-System gew\u00e4hrleistet die vollst\u00e4ndige Vertraulichkeit Ihrer Karten- und pers\u00f6nlichen Daten, und zwar ab dem Zeitpunkt, an dem Sie diese in das CorvusPay-Zahlungsformular eingeben. Die Zahlungsinformationen werden\u00a0verschl\u00fcsselt\u00a0von Ihrem Webbrowser an die Bank weitergeleitet, die Ihre Karte ausgestellt hat. Unser Webshop\u00a0hat zu keinem&hellip;<\/p>\n","protected":false},"author":2,"featured_media":0,"parent":0,"menu_order":0,"comment_status":"closed","ping_status":"closed","template":"","meta":{"footnotes":""},"class_list":["post-96580","page","type-page","status-publish","hentry"],"yoast_head":"<!-- This site is optimized with the Yoast SEO plugin v27.4 - https:\/\/yoast.com\/product\/yoast-seo-wordpress\/ -->\n<title>Erkl\u00e4rung zur Sicherheit von Online-Zahlungen - Ideja Dekori<\/title>\n<meta name=\"robots\" content=\"index, follow, max-snippet:-1, max-image-preview:large, max-video-preview:-1\" \/>\n<link rel=\"canonical\" href=\"https:\/\/idejadekori.com\/de\/erklaerung-zur-sicherheit-von-online-zahlungen\/\" \/>\n<meta property=\"og:locale\" content=\"de_DE\" \/>\n<meta property=\"og:type\" content=\"article\" \/>\n<meta property=\"og:title\" content=\"Erkl\u00e4rung zur Sicherheit von Online-Zahlungen - Ideja Dekori\" \/>\n<meta property=\"og:description\" content=\"Beim Bezahlen in unserem Webshop nutzen Sie\u00a0CorvusPay\u00a0\u2013 ein\u00a0modernes System zur sicheren Abwicklung von Online-Kartenzahlungen. Das\u00a0CorvusPay-System gew\u00e4hrleistet die vollst\u00e4ndige Vertraulichkeit Ihrer Karten- und pers\u00f6nlichen Daten, und zwar ab dem Zeitpunkt, an dem Sie diese in das CorvusPay-Zahlungsformular eingeben. Die Zahlungsinformationen werden\u00a0verschl\u00fcsselt\u00a0von Ihrem Webbrowser an die Bank weitergeleitet, die Ihre Karte ausgestellt hat. Unser Webshop\u00a0hat zu keinem&hellip;\" \/>\n<meta property=\"og:url\" content=\"https:\/\/idejadekori.com\/de\/erklaerung-zur-sicherheit-von-online-zahlungen\/\" \/>\n<meta property=\"og:site_name\" content=\"Ideja Dekori\" \/>\n<meta property=\"article:publisher\" content=\"https:\/\/www.facebook.com\/idejadekori\/\" \/>\n<meta property=\"article:modified_time\" content=\"2025-07-16T20:26:49+00:00\" \/>\n<meta property=\"og:image\" content=\"https:\/\/idejadekori.com\/wp-content\/uploads\/2017\/05\/ideja_dizajn_logotipa.jpg\" \/>\n\t<meta property=\"og:image:width\" content=\"1200\" \/>\n\t<meta property=\"og:image:height\" content=\"641\" \/>\n\t<meta property=\"og:image:type\" content=\"image\/jpeg\" \/>\n<meta name=\"twitter:card\" content=\"summary_large_image\" \/>\n<meta name=\"twitter:label1\" content=\"Gesch\u00e4tzte Lesezeit\" \/>\n\t<meta name=\"twitter:data1\" content=\"2\u00a0Minuten\" \/>\n<script type=\"application\/ld+json\" class=\"yoast-schema-graph\">{\"@context\":\"https:\\\/\\\/schema.org\",\"@graph\":[{\"@type\":\"WebPage\",\"@id\":\"https:\\\/\\\/idejadekori.com\\\/de\\\/erklaerung-zur-sicherheit-von-online-zahlungen\\\/\",\"url\":\"https:\\\/\\\/idejadekori.com\\\/de\\\/erklaerung-zur-sicherheit-von-online-zahlungen\\\/\",\"name\":\"Erkl\u00e4rung zur Sicherheit von Online-Zahlungen - Ideja Dekori\",\"isPartOf\":{\"@id\":\"https:\\\/\\\/idejadekori.com\\\/#website\"},\"datePublished\":\"2025-07-16T20:25:55+00:00\",\"dateModified\":\"2025-07-16T20:26:49+00:00\",\"breadcrumb\":{\"@id\":\"https:\\\/\\\/idejadekori.com\\\/de\\\/erklaerung-zur-sicherheit-von-online-zahlungen\\\/#breadcrumb\"},\"inLanguage\":\"de\",\"potentialAction\":[{\"@type\":\"ReadAction\",\"target\":[\"https:\\\/\\\/idejadekori.com\\\/de\\\/erklaerung-zur-sicherheit-von-online-zahlungen\\\/\"]}]},{\"@type\":\"BreadcrumbList\",\"@id\":\"https:\\\/\\\/idejadekori.com\\\/de\\\/erklaerung-zur-sicherheit-von-online-zahlungen\\\/#breadcrumb\",\"itemListElement\":[{\"@type\":\"ListItem\",\"position\":1,\"name\":\"Po\u010detna stranica\",\"item\":\"https:\\\/\\\/idejadekori.com\\\/\"},{\"@type\":\"ListItem\",\"position\":2,\"name\":\"Erkl\u00e4rung zur Sicherheit von Online-Zahlungen\"}]},{\"@type\":\"WebSite\",\"@id\":\"https:\\\/\\\/idejadekori.com\\\/#website\",\"url\":\"https:\\\/\\\/idejadekori.com\\\/\",\"name\":\"Ideja Dekori\",\"description\":\"Zavjese, tende, pergole, tepisi\",\"publisher\":{\"@id\":\"https:\\\/\\\/idejadekori.com\\\/#organization\"},\"potentialAction\":[{\"@type\":\"SearchAction\",\"target\":{\"@type\":\"EntryPoint\",\"urlTemplate\":\"https:\\\/\\\/idejadekori.com\\\/?s={search_term_string}\"},\"query-input\":{\"@type\":\"PropertyValueSpecification\",\"valueRequired\":true,\"valueName\":\"search_term_string\"}}],\"inLanguage\":\"de\"},{\"@type\":\"Organization\",\"@id\":\"https:\\\/\\\/idejadekori.com\\\/#organization\",\"name\":\"Ideja Dekori d.o.o.\",\"url\":\"https:\\\/\\\/idejadekori.com\\\/\",\"logo\":{\"@type\":\"ImageObject\",\"inLanguage\":\"de\",\"@id\":\"https:\\\/\\\/idejadekori.com\\\/#\\\/schema\\\/logo\\\/image\\\/\",\"url\":\"https:\\\/\\\/idejadekori.com\\\/wp-content\\\/uploads\\\/2020\\\/03\\\/footer-logo.png\",\"contentUrl\":\"https:\\\/\\\/idejadekori.com\\\/wp-content\\\/uploads\\\/2020\\\/03\\\/footer-logo.png\",\"width\":64,\"height\":109,\"caption\":\"Ideja Dekori d.o.o.\"},\"image\":{\"@id\":\"https:\\\/\\\/idejadekori.com\\\/#\\\/schema\\\/logo\\\/image\\\/\"},\"sameAs\":[\"https:\\\/\\\/www.facebook.com\\\/idejadekori\\\/\",\"https:\\\/\\\/www.instagram.com\\\/ideja.dekori\\\/\"]}]}<\/script>\n<!-- \/ Yoast SEO plugin. -->","yoast_head_json":{"title":"Erkl\u00e4rung zur Sicherheit von Online-Zahlungen - Ideja Dekori","robots":{"index":"index","follow":"follow","max-snippet":"max-snippet:-1","max-image-preview":"max-image-preview:large","max-video-preview":"max-video-preview:-1"},"canonical":"https:\/\/idejadekori.com\/de\/erklaerung-zur-sicherheit-von-online-zahlungen\/","og_locale":"de_DE","og_type":"article","og_title":"Erkl\u00e4rung zur Sicherheit von Online-Zahlungen - Ideja Dekori","og_description":"Beim Bezahlen in unserem Webshop nutzen Sie\u00a0CorvusPay\u00a0\u2013 ein\u00a0modernes System zur sicheren Abwicklung von Online-Kartenzahlungen. Das\u00a0CorvusPay-System gew\u00e4hrleistet die vollst\u00e4ndige Vertraulichkeit Ihrer Karten- und pers\u00f6nlichen Daten, und zwar ab dem Zeitpunkt, an dem Sie diese in das CorvusPay-Zahlungsformular eingeben. Die Zahlungsinformationen werden\u00a0verschl\u00fcsselt\u00a0von Ihrem Webbrowser an die Bank weitergeleitet, die Ihre Karte ausgestellt hat. Unser Webshop\u00a0hat zu keinem&hellip;","og_url":"https:\/\/idejadekori.com\/de\/erklaerung-zur-sicherheit-von-online-zahlungen\/","og_site_name":"Ideja Dekori","article_publisher":"https:\/\/www.facebook.com\/idejadekori\/","article_modified_time":"2025-07-16T20:26:49+00:00","og_image":[{"width":1200,"height":641,"url":"https:\/\/idejadekori.com\/wp-content\/uploads\/2017\/05\/ideja_dizajn_logotipa.jpg","type":"image\/jpeg"}],"twitter_card":"summary_large_image","twitter_misc":{"Gesch\u00e4tzte Lesezeit":"2\u00a0Minuten"},"schema":{"@context":"https:\/\/schema.org","@graph":[{"@type":"WebPage","@id":"https:\/\/idejadekori.com\/de\/erklaerung-zur-sicherheit-von-online-zahlungen\/","url":"https:\/\/idejadekori.com\/de\/erklaerung-zur-sicherheit-von-online-zahlungen\/","name":"Erkl\u00e4rung zur Sicherheit von Online-Zahlungen - Ideja Dekori","isPartOf":{"@id":"https:\/\/idejadekori.com\/#website"},"datePublished":"2025-07-16T20:25:55+00:00","dateModified":"2025-07-16T20:26:49+00:00","breadcrumb":{"@id":"https:\/\/idejadekori.com\/de\/erklaerung-zur-sicherheit-von-online-zahlungen\/#breadcrumb"},"inLanguage":"de","potentialAction":[{"@type":"ReadAction","target":["https:\/\/idejadekori.com\/de\/erklaerung-zur-sicherheit-von-online-zahlungen\/"]}]},{"@type":"BreadcrumbList","@id":"https:\/\/idejadekori.com\/de\/erklaerung-zur-sicherheit-von-online-zahlungen\/#breadcrumb","itemListElement":[{"@type":"ListItem","position":1,"name":"Po\u010detna stranica","item":"https:\/\/idejadekori.com\/"},{"@type":"ListItem","position":2,"name":"Erkl\u00e4rung zur Sicherheit von Online-Zahlungen"}]},{"@type":"WebSite","@id":"https:\/\/idejadekori.com\/#website","url":"https:\/\/idejadekori.com\/","name":"Ideja Dekori","description":"Zavjese, tende, pergole, tepisi","publisher":{"@id":"https:\/\/idejadekori.com\/#organization"},"potentialAction":[{"@type":"SearchAction","target":{"@type":"EntryPoint","urlTemplate":"https:\/\/idejadekori.com\/?s={search_term_string}"},"query-input":{"@type":"PropertyValueSpecification","valueRequired":true,"valueName":"search_term_string"}}],"inLanguage":"de"},{"@type":"Organization","@id":"https:\/\/idejadekori.com\/#organization","name":"Ideja Dekori d.o.o.","url":"https:\/\/idejadekori.com\/","logo":{"@type":"ImageObject","inLanguage":"de","@id":"https:\/\/idejadekori.com\/#\/schema\/logo\/image\/","url":"https:\/\/idejadekori.com\/wp-content\/uploads\/2020\/03\/footer-logo.png","contentUrl":"https:\/\/idejadekori.com\/wp-content\/uploads\/2020\/03\/footer-logo.png","width":64,"height":109,"caption":"Ideja Dekori d.o.o."},"image":{"@id":"https:\/\/idejadekori.com\/#\/schema\/logo\/image\/"},"sameAs":["https:\/\/www.facebook.com\/idejadekori\/","https:\/\/www.instagram.com\/ideja.dekori\/"]}]}},"_links":{"self":[{"href":"https:\/\/idejadekori.com\/de\/wp-json\/wp\/v2\/pages\/96580","targetHints":{"allow":["GET"]}}],"collection":[{"href":"https:\/\/idejadekori.com\/de\/wp-json\/wp\/v2\/pages"}],"about":[{"href":"https:\/\/idejadekori.com\/de\/wp-json\/wp\/v2\/types\/page"}],"author":[{"embeddable":true,"href":"https:\/\/idejadekori.com\/de\/wp-json\/wp\/v2\/users\/2"}],"replies":[{"embeddable":true,"href":"https:\/\/idejadekori.com\/de\/wp-json\/wp\/v2\/comments?post=96580"}],"version-history":[{"count":8,"href":"https:\/\/idejadekori.com\/de\/wp-json\/wp\/v2\/pages\/96580\/revisions"}],"predecessor-version":[{"id":96588,"href":"https:\/\/idejadekori.com\/de\/wp-json\/wp\/v2\/pages\/96580\/revisions\/96588"}],"wp:attachment":[{"href":"https:\/\/idejadekori.com\/de\/wp-json\/wp\/v2\/media?parent=96580"}],"curies":[{"name":"wp","href":"https:\/\/api.w.org\/{rel}","templated":true}]}}