{"id":96589,"date":"2025-07-16T22:29:50","date_gmt":"2025-07-16T20:29:50","guid":{"rendered":"https:\/\/idejadekori.com\/?page_id=96589"},"modified":"2025-07-16T22:35:46","modified_gmt":"2025-07-16T20:35:46","slug":"datenschutzerklaerung","status":"publish","type":"page","link":"https:\/\/idejadekori.com\/de\/datenschutzerklaerung\/","title":{"rendered":"Datenschutzerkl\u00e4rung"},"content":{"rendered":"<p>Diese Datenschutzerkl\u00e4rung bietet Ihnen n\u00e4here Informationen dar\u00fcber, welche Daten wir \u00fcber unsere Website und die von unseren Partnern f\u00fcr uns entwickelten Websites erhalten, sowie dar\u00fcber, wie wir diese Daten verwenden, speichern und sch\u00fctzen. Diese Datenschutzerkl\u00e4rung gilt f\u00fcr alle Internetseiten der Ideja Dekori d.o.o.,\u00a0<a href=\"http:\/\/www.idejadekori.com\/\">www.idejadekori.com<\/a>.<\/p>\n<p>In diesem Text beziehen sich die Begriffe \u201ewir\u201c, \u201euns\u201c, \u201eunser\u201c, \u201eunsere\u201c, \u201eunserem\u201c usw. auf das Unternehmen\u00a0Ideja Dekori d.o.o.\u00a0mit Sitz in\u00a0Partizanska 13, Pore\u010d, w\u00e4hrend \u201eSie\u201c, \u201eIhr\u201c, \u201eIhnen\u201c, \u201eIhre\u201c usw. sich auf die Endnutzer unserer Dienste, Produkte und Websites beziehen. Der Begriff \u201eDienste\u201c gilt f\u00fcr alle unsere angebotenen Leistungen, Websites, Produkte, Projekte oder Veranstaltungen und f\u00fcr s\u00e4mtliche Inhalte der Websites, die unter unserer Kontrolle stehen.<\/p>\n<p>Wir bitten Sie, diese Datenschutzerkl\u00e4rung sorgf\u00e4ltig zu lesen. Mit dem Zugriff auf oder der Nutzung unserer Website best\u00e4tigen Sie, dass Sie diese Erkl\u00e4rung gelesen, verstanden haben und allen darin genannten Bedingungen sowie der Art der Website-Nutzung zustimmen.<\/p>\n<p>Sollten Sie mit dieser Datenschutzerkl\u00e4rung nicht einverstanden sein, bitten wir Sie, unsere Dienste nicht zu benutzen und die Website nicht zu betreten.<\/p>\n<p>Diese Datenschutzerkl\u00e4rung kann jederzeit ge\u00e4ndert werden, indem der \u00fcberarbeitete Text auf dieser Webseite ver\u00f6ffentlicht wird. Die \u00c4nderungen treten unmittelbar mit der Ver\u00f6ffentlichung auf der Website in Kraft.<\/p>\n<p>Als Endnutzer sind Sie selbst daf\u00fcr verantwortlich, diese Seite regelm\u00e4\u00dfig aufzurufen und alle \u00c4nderungen an der Datenschutzerkl\u00e4rung zu \u00fcberpr\u00fcfen. Wenn Sie unsere Webseite weiterhin nutzen, nachdem \u00c4nderungen in Kraft getreten sind, gilt dies als Zustimmung zu allen aktualisierten Bedingungen.<\/p>\n<h3>Welche Daten sammeln wir?<\/h3>\n<p>Wir erheben von Ihnen bereitgestellte Daten, die (aber nicht ausschlie\u00dflich) Folgendes umfassen k\u00f6nnen:\u00a0Name, Nachname, Adresse, Beruf, Telefonnummer, E-Mail-Adresse. Die Daten werden insbesondere bei einem Kauf \u00fcber unseren Webshop erhoben, der Teil unserer Website ist.<\/p>\n<p>Die Angabe Ihrer personenbezogenen Daten erfolgt\u00a0freiwillig. Wenn Sie die notwendigen Angaben f\u00fcr die Nutzung oder Bereitstellung unserer Dienste nicht mitteilen, k\u00f6nnen wir Ihnen den entsprechenden Service leider nicht anbieten.<\/p>\n<p>Bei der Bezahlung unserer Dienste \u00fcber die Website haben wir\u00a0keinen Zugriff auf Ihre Zahlungsdaten\u00a0(z.\u202fB. Kredit- oder Debitkartennummer). Solche Daten stehen ausschlie\u00dflich unserem spezialisierten Partner f\u00fcr Online-Zahlungsabwicklung zur Verf\u00fcgung. Wir speichern nur jene Informationen, die zur Erbringung des angeforderten Dienstes erforderlich sind.<\/p>\n<h3>Wozu verwenden wir Ihre Daten?<\/h3>\n<p>In erster Linie, um Ihnen die\u00a0Nutzung, Teilnahme oder Bereitstellung unserer Dienstleistungen\u00a0zu erm\u00f6glichen.<\/p>\n<p>Wir nehmen den Schutz Ihrer pers\u00f6nlichen Daten\u00a0sehr ernst\u00a0und ergreifen diverse Sicherheitsma\u00dfnahmen, um sie zu sch\u00fctzen. Allerdings weisen wir darauf hin, dass keine Daten\u00fcbertragung im Internet zu 100\u202f% sicher ist, und wir daher f\u00fcr etwaige Sicherheitsl\u00fccken keine Haftung \u00fcbernehmen k\u00f6nnen.<\/p>\n<p><strong>Wir geben Ihre Daten nicht an Gesch\u00e4ftspartner weiter.<\/strong><\/p>\n<p>Ihre personenbezogenen Daten werden so lange gespeichert, wie dies erforderlich ist \u2013 mindestens jedoch solange, wie Sie unsere Dienste nutzen.<\/p>\n<h3>Verwendung von Cookies<\/h3>\n<p>Unsere Website verwendet sogenannte\u00a0<strong>Cookies<\/strong>\u00a0\u2013 kleine Textdateien, die \u00fcber Ihren Browser auf Ihrem Ger\u00e4t gespeichert werden. Cookies speichern bestimmte Informationen (z.\u202fB. Sprache oder Seiteneinstellungen) und erm\u00f6glichen es der Website, Sie bei sp\u00e4teren Besuchen zu erkennen (je nach Speicherdauer des Cookies).<\/p>\n<p>Diese Website verwendet zwei Arten von Cookies:<\/p>\n<ol>\n<li>Technisch notwendige Cookies, ohne die die Funktionalit\u00e4t der Seite eingeschr\u00e4nkt w\u00e4re<\/li>\n<li>Optionale Cookies, die der Erweiterung der Nutzererfahrung dienen<\/li>\n<\/ol>\n<p><strong>Technisch notwendige Cookies<\/strong><\/p>\n<table>\n<tbody>\n<tr>\n<td><strong>Name des Cookies<\/strong><\/td>\n<td><strong>G\u00fcltigkeitsdauer<\/strong><\/td>\n<td><strong>Zweck und Inhalt<\/strong><\/td>\n<\/tr>\n<tr>\n<td>PHPSESSID<\/td>\n<td>1 Stunde<\/td>\n<td>PHP-Sessionkennung \u2013 erstellt bei Verwendung von PHP (session() Methode)<\/td>\n<\/tr>\n<tr>\n<td>UniqueID<\/td>\n<td>6 Monate<\/td>\n<td>Anonyme Sitzungserkennung f\u00fcr statistische Analysen zur Optimierung der Website<\/td>\n<\/tr>\n<tr>\n<td>WHGACE<\/td>\n<td>1 Tag<\/td>\n<td>Load-Balancing-Cookie f\u00fcr stabile Funktion der Seite<\/td>\n<\/tr>\n<tr>\n<td>WHGCOOKIECONSENT<\/td>\n<td>6 Monate<\/td>\n<td>Speichert die Einwilligung des Users zur Verwendung von Cookies<\/td>\n<\/tr>\n<tr>\n<td>Youtube<\/td>\n<td>variabel<\/td>\n<td>Wir betten YouTube-Videos im erweiterten Datenschutzmodus ein. Erst beim Abspielen eines Videos k\u00f6nnen Cookies gespeichert werden \u2013 jedoch keine, die zur pers\u00f6nlichen Identifikation dienen.<\/td>\n<\/tr>\n<\/tbody>\n<\/table>\n<p>\u00a0<\/p>\n<p><strong>Kontakt<\/strong><br \/>Falls Sie einen Teil dieser Datenschutzerkl\u00e4rung nicht verstehen oder weitere Fragen haben, k\u00f6nnen Sie uns jederzeit kontaktieren unter:<\/p>\n<p><a href=\"mailto:info@idejadekori.com\">info@idejadekori.com<\/a><\/p>\n","protected":false},"excerpt":{"rendered":"<p>Diese Datenschutzerkl\u00e4rung bietet Ihnen n\u00e4here Informationen dar\u00fcber, welche Daten wir \u00fcber unsere Website und die von unseren Partnern f\u00fcr uns entwickelten Websites erhalten, sowie dar\u00fcber, wie wir diese Daten verwenden, speichern und sch\u00fctzen. Diese Datenschutzerkl\u00e4rung gilt f\u00fcr alle Internetseiten der Ideja Dekori d.o.o.,\u00a0www.idejadekori.com. In diesem Text beziehen sich die Begriffe \u201ewir\u201c, \u201euns\u201c, \u201eunser\u201c, \u201eunsere\u201c, \u201eunserem\u201c&hellip;<\/p>\n","protected":false},"author":2,"featured_media":0,"parent":0,"menu_order":0,"comment_status":"closed","ping_status":"closed","template":"","meta":{"footnotes":""},"class_list":["post-96589","page","type-page","status-publish","hentry","description-off"],"yoast_head":"<!-- This site is optimized with the Yoast SEO plugin v27.4 - https:\/\/yoast.com\/product\/yoast-seo-wordpress\/ -->\n<title>Datenschutzerkl\u00e4rung - Ideja Dekori<\/title>\n<meta name=\"robots\" content=\"index, follow, max-snippet:-1, max-image-preview:large, max-video-preview:-1\" \/>\n<link rel=\"canonical\" href=\"https:\/\/idejadekori.com\/de\/datenschutzerklaerung\/\" \/>\n<meta property=\"og:locale\" content=\"de_DE\" \/>\n<meta property=\"og:type\" content=\"article\" \/>\n<meta property=\"og:title\" content=\"Datenschutzerkl\u00e4rung - Ideja Dekori\" \/>\n<meta property=\"og:description\" content=\"Diese Datenschutzerkl\u00e4rung bietet Ihnen n\u00e4here Informationen dar\u00fcber, welche Daten wir \u00fcber unsere Website und die von unseren Partnern f\u00fcr uns entwickelten Websites erhalten, sowie dar\u00fcber, wie wir diese Daten verwenden, speichern und sch\u00fctzen. Diese Datenschutzerkl\u00e4rung gilt f\u00fcr alle Internetseiten der Ideja Dekori d.o.o.,\u00a0www.idejadekori.com. In diesem Text beziehen sich die Begriffe \u201ewir\u201c, \u201euns\u201c, \u201eunser\u201c, \u201eunsere\u201c, \u201eunserem\u201c&hellip;\" \/>\n<meta property=\"og:url\" content=\"https:\/\/idejadekori.com\/de\/datenschutzerklaerung\/\" \/>\n<meta property=\"og:site_name\" content=\"Ideja Dekori\" \/>\n<meta property=\"article:publisher\" content=\"https:\/\/www.facebook.com\/idejadekori\/\" \/>\n<meta property=\"article:modified_time\" content=\"2025-07-16T20:35:46+00:00\" \/>\n<meta property=\"og:image\" content=\"https:\/\/idejadekori.com\/wp-content\/uploads\/2017\/05\/ideja_dizajn_logotipa.jpg\" \/>\n\t<meta property=\"og:image:width\" content=\"1200\" \/>\n\t<meta property=\"og:image:height\" content=\"641\" \/>\n\t<meta property=\"og:image:type\" content=\"image\/jpeg\" \/>\n<meta name=\"twitter:card\" content=\"summary_large_image\" \/>\n<meta name=\"twitter:label1\" content=\"Gesch\u00e4tzte Lesezeit\" \/>\n\t<meta name=\"twitter:data1\" content=\"4\u00a0Minuten\" \/>\n<script type=\"application\/ld+json\" class=\"yoast-schema-graph\">{\"@context\":\"https:\\\/\\\/schema.org\",\"@graph\":[{\"@type\":\"WebPage\",\"@id\":\"https:\\\/\\\/idejadekori.com\\\/de\\\/datenschutzerklaerung\\\/\",\"url\":\"https:\\\/\\\/idejadekori.com\\\/de\\\/datenschutzerklaerung\\\/\",\"name\":\"Datenschutzerkl\u00e4rung - Ideja Dekori\",\"isPartOf\":{\"@id\":\"https:\\\/\\\/idejadekori.com\\\/#website\"},\"datePublished\":\"2025-07-16T20:29:50+00:00\",\"dateModified\":\"2025-07-16T20:35:46+00:00\",\"breadcrumb\":{\"@id\":\"https:\\\/\\\/idejadekori.com\\\/de\\\/datenschutzerklaerung\\\/#breadcrumb\"},\"inLanguage\":\"de\",\"potentialAction\":[{\"@type\":\"ReadAction\",\"target\":[\"https:\\\/\\\/idejadekori.com\\\/de\\\/datenschutzerklaerung\\\/\"]}]},{\"@type\":\"BreadcrumbList\",\"@id\":\"https:\\\/\\\/idejadekori.com\\\/de\\\/datenschutzerklaerung\\\/#breadcrumb\",\"itemListElement\":[{\"@type\":\"ListItem\",\"position\":1,\"name\":\"Po\u010detna stranica\",\"item\":\"https:\\\/\\\/idejadekori.com\\\/\"},{\"@type\":\"ListItem\",\"position\":2,\"name\":\"Datenschutzerkl\u00e4rung\"}]},{\"@type\":\"WebSite\",\"@id\":\"https:\\\/\\\/idejadekori.com\\\/#website\",\"url\":\"https:\\\/\\\/idejadekori.com\\\/\",\"name\":\"Ideja Dekori\",\"description\":\"Zavjese, tende, pergole, tepisi\",\"publisher\":{\"@id\":\"https:\\\/\\\/idejadekori.com\\\/#organization\"},\"potentialAction\":[{\"@type\":\"SearchAction\",\"target\":{\"@type\":\"EntryPoint\",\"urlTemplate\":\"https:\\\/\\\/idejadekori.com\\\/?s={search_term_string}\"},\"query-input\":{\"@type\":\"PropertyValueSpecification\",\"valueRequired\":true,\"valueName\":\"search_term_string\"}}],\"inLanguage\":\"de\"},{\"@type\":\"Organization\",\"@id\":\"https:\\\/\\\/idejadekori.com\\\/#organization\",\"name\":\"Ideja Dekori d.o.o.\",\"url\":\"https:\\\/\\\/idejadekori.com\\\/\",\"logo\":{\"@type\":\"ImageObject\",\"inLanguage\":\"de\",\"@id\":\"https:\\\/\\\/idejadekori.com\\\/#\\\/schema\\\/logo\\\/image\\\/\",\"url\":\"https:\\\/\\\/idejadekori.com\\\/wp-content\\\/uploads\\\/2020\\\/03\\\/footer-logo.png\",\"contentUrl\":\"https:\\\/\\\/idejadekori.com\\\/wp-content\\\/uploads\\\/2020\\\/03\\\/footer-logo.png\",\"width\":64,\"height\":109,\"caption\":\"Ideja Dekori d.o.o.\"},\"image\":{\"@id\":\"https:\\\/\\\/idejadekori.com\\\/#\\\/schema\\\/logo\\\/image\\\/\"},\"sameAs\":[\"https:\\\/\\\/www.facebook.com\\\/idejadekori\\\/\",\"https:\\\/\\\/www.instagram.com\\\/ideja.dekori\\\/\"]}]}<\/script>\n<!-- \/ Yoast SEO plugin. -->","yoast_head_json":{"title":"Datenschutzerkl\u00e4rung - Ideja Dekori","robots":{"index":"index","follow":"follow","max-snippet":"max-snippet:-1","max-image-preview":"max-image-preview:large","max-video-preview":"max-video-preview:-1"},"canonical":"https:\/\/idejadekori.com\/de\/datenschutzerklaerung\/","og_locale":"de_DE","og_type":"article","og_title":"Datenschutzerkl\u00e4rung - Ideja Dekori","og_description":"Diese Datenschutzerkl\u00e4rung bietet Ihnen n\u00e4here Informationen dar\u00fcber, welche Daten wir \u00fcber unsere Website und die von unseren Partnern f\u00fcr uns entwickelten Websites erhalten, sowie dar\u00fcber, wie wir diese Daten verwenden, speichern und sch\u00fctzen. Diese Datenschutzerkl\u00e4rung gilt f\u00fcr alle Internetseiten der Ideja Dekori d.o.o.,\u00a0www.idejadekori.com. In diesem Text beziehen sich die Begriffe \u201ewir\u201c, \u201euns\u201c, \u201eunser\u201c, \u201eunsere\u201c, \u201eunserem\u201c&hellip;","og_url":"https:\/\/idejadekori.com\/de\/datenschutzerklaerung\/","og_site_name":"Ideja Dekori","article_publisher":"https:\/\/www.facebook.com\/idejadekori\/","article_modified_time":"2025-07-16T20:35:46+00:00","og_image":[{"width":1200,"height":641,"url":"https:\/\/idejadekori.com\/wp-content\/uploads\/2017\/05\/ideja_dizajn_logotipa.jpg","type":"image\/jpeg"}],"twitter_card":"summary_large_image","twitter_misc":{"Gesch\u00e4tzte Lesezeit":"4\u00a0Minuten"},"schema":{"@context":"https:\/\/schema.org","@graph":[{"@type":"WebPage","@id":"https:\/\/idejadekori.com\/de\/datenschutzerklaerung\/","url":"https:\/\/idejadekori.com\/de\/datenschutzerklaerung\/","name":"Datenschutzerkl\u00e4rung - Ideja Dekori","isPartOf":{"@id":"https:\/\/idejadekori.com\/#website"},"datePublished":"2025-07-16T20:29:50+00:00","dateModified":"2025-07-16T20:35:46+00:00","breadcrumb":{"@id":"https:\/\/idejadekori.com\/de\/datenschutzerklaerung\/#breadcrumb"},"inLanguage":"de","potentialAction":[{"@type":"ReadAction","target":["https:\/\/idejadekori.com\/de\/datenschutzerklaerung\/"]}]},{"@type":"BreadcrumbList","@id":"https:\/\/idejadekori.com\/de\/datenschutzerklaerung\/#breadcrumb","itemListElement":[{"@type":"ListItem","position":1,"name":"Po\u010detna stranica","item":"https:\/\/idejadekori.com\/"},{"@type":"ListItem","position":2,"name":"Datenschutzerkl\u00e4rung"}]},{"@type":"WebSite","@id":"https:\/\/idejadekori.com\/#website","url":"https:\/\/idejadekori.com\/","name":"Ideja Dekori","description":"Zavjese, tende, pergole, tepisi","publisher":{"@id":"https:\/\/idejadekori.com\/#organization"},"potentialAction":[{"@type":"SearchAction","target":{"@type":"EntryPoint","urlTemplate":"https:\/\/idejadekori.com\/?s={search_term_string}"},"query-input":{"@type":"PropertyValueSpecification","valueRequired":true,"valueName":"search_term_string"}}],"inLanguage":"de"},{"@type":"Organization","@id":"https:\/\/idejadekori.com\/#organization","name":"Ideja Dekori d.o.o.","url":"https:\/\/idejadekori.com\/","logo":{"@type":"ImageObject","inLanguage":"de","@id":"https:\/\/idejadekori.com\/#\/schema\/logo\/image\/","url":"https:\/\/idejadekori.com\/wp-content\/uploads\/2020\/03\/footer-logo.png","contentUrl":"https:\/\/idejadekori.com\/wp-content\/uploads\/2020\/03\/footer-logo.png","width":64,"height":109,"caption":"Ideja Dekori d.o.o."},"image":{"@id":"https:\/\/idejadekori.com\/#\/schema\/logo\/image\/"},"sameAs":["https:\/\/www.facebook.com\/idejadekori\/","https:\/\/www.instagram.com\/ideja.dekori\/"]}]}},"_links":{"self":[{"href":"https:\/\/idejadekori.com\/de\/wp-json\/wp\/v2\/pages\/96589","targetHints":{"allow":["GET"]}}],"collection":[{"href":"https:\/\/idejadekori.com\/de\/wp-json\/wp\/v2\/pages"}],"about":[{"href":"https:\/\/idejadekori.com\/de\/wp-json\/wp\/v2\/types\/page"}],"author":[{"embeddable":true,"href":"https:\/\/idejadekori.com\/de\/wp-json\/wp\/v2\/users\/2"}],"replies":[{"embeddable":true,"href":"https:\/\/idejadekori.com\/de\/wp-json\/wp\/v2\/comments?post=96589"}],"version-history":[{"count":4,"href":"https:\/\/idejadekori.com\/de\/wp-json\/wp\/v2\/pages\/96589\/revisions"}],"predecessor-version":[{"id":96593,"href":"https:\/\/idejadekori.com\/de\/wp-json\/wp\/v2\/pages\/96589\/revisions\/96593"}],"wp:attachment":[{"href":"https:\/\/idejadekori.com\/de\/wp-json\/wp\/v2\/media?parent=96589"}],"curies":[{"name":"wp","href":"https:\/\/api.w.org\/{rel}","templated":true}]}}