{"id":96823,"date":"2025-08-25T08:13:45","date_gmt":"2025-08-25T06:13:45","guid":{"rendered":"https:\/\/idejadekori.com\/plissees\/"},"modified":"2025-09-12T11:53:34","modified_gmt":"2025-09-12T09:53:34","slug":"plissees","status":"publish","type":"page","link":"https:\/\/idejadekori.com\/de\/plissees\/","title":{"rendered":"Plissees"},"content":{"rendered":"\t\t<div data-elementor-type=\"wp-page\" data-elementor-id=\"96823\" class=\"elementor elementor-96823 elementor-96710\" data-elementor-post-type=\"page\">\n\t\t\t\t\t\t<section class=\"elementor-section elementor-top-section elementor-element elementor-element-02c8cf7 elementor-section-boxed elementor-section-height-default elementor-section-height-default\" data-id=\"02c8cf7\" data-element_type=\"section\" data-e-type=\"section\">\n\t\t\t\t\t\t<div class=\"elementor-container elementor-column-gap-default\">\n\t\t\t\t\t<div class=\"elementor-column elementor-col-100 elementor-top-column elementor-element elementor-element-f5938cb\" data-id=\"f5938cb\" data-element_type=\"column\" data-e-type=\"column\">\n\t\t\t<div class=\"elementor-widget-wrap elementor-element-populated\">\n\t\t\t\t\t\t<div class=\"elementor-element elementor-element-b1f1654 elementor-widget elementor-widget-text-editor\" data-id=\"b1f1654\" data-element_type=\"widget\" data-e-type=\"widget\" data-widget_type=\"text-editor.default\">\n\t\t\t\t<div class=\"elementor-widget-container\">\n\t\t\t\t\t\t\t\t\t<p>Webshop Ideja Dekori \u2013 Plissees nach Ma\u00df.<\/p>\n\t\t\t\t\t\t\t\t<\/div>\n\t\t\t\t<\/div>\n\t\t\t\t<div class=\"elementor-element elementor-element-deabb1c elementor-widget-divider--view-line elementor-widget elementor-widget-divider\" data-id=\"deabb1c\" data-element_type=\"widget\" data-e-type=\"widget\" data-widget_type=\"divider.default\">\n\t\t\t\t<div class=\"elementor-widget-container\">\n\t\t\t\t\t\t\t<div class=\"elementor-divider\">\n\t\t\t<span class=\"elementor-divider-separator\">\n\t\t\t\t\t\t<\/span>\n\t\t<\/div>\n\t\t\t\t\t\t<\/div>\n\t\t\t\t<\/div>\n\t\t\t\t<div class=\"elementor-element elementor-element-49712e7 elementor-widget elementor-widget-text-editor\" data-id=\"49712e7\" data-element_type=\"widget\" data-e-type=\"widget\" data-widget_type=\"text-editor.default\">\n\t\t\t\t<div class=\"elementor-widget-container\">\n\t\t\t\t\t\t\t\t\t<p style=\"text-align: center;\">Personalisiertes Plissee-Angebot mit einfacher Bestellung und Lieferung.<br \/>Mit wenigen Klicks Plissees bestellen, Videoanleitung ansehen und selbst montieren!<\/p>\n\t\t\t\t\t\t\t\t<\/div>\n\t\t\t\t<\/div>\n\t\t\t\t\t<\/div>\n\t\t<\/div>\n\t\t\t\t\t<\/div>\n\t\t<\/section>\n\t\t\t\t<section class=\"elementor-section elementor-top-section elementor-element elementor-element-3a09b57 elementor-section-boxed elementor-section-height-default elementor-section-height-default\" data-id=\"3a09b57\" data-element_type=\"section\" data-e-type=\"section\">\n\t\t\t\t\t\t<div class=\"elementor-container elementor-column-gap-default\">\n\t\t\t\t\t<div class=\"elementor-column elementor-col-50 elementor-top-column elementor-element elementor-element-6d77c5c\" data-id=\"6d77c5c\" data-element_type=\"column\" data-e-type=\"column\">\n\t\t\t<div class=\"elementor-widget-wrap elementor-element-populated\">\n\t\t\t\t\t\t<div class=\"elementor-element elementor-element-ce2dcc1 elementor-widget elementor-widget-text-editor\" data-id=\"ce2dcc1\" data-element_type=\"widget\" data-e-type=\"widget\" data-widget_type=\"text-editor.default\">\n\t\t\t\t<div class=\"elementor-widget-container\">\n\t\t\t\t\t\t\t\t\t<div class=\"image-hover-box\"><a href=\"\/de\/produktkategorie\/plissees-fix\"><img decoding=\"async\" src=\"https:\/\/idejadekori.com\/wp-content\/uploads\/2025\/05\/kat-plise-1600.jpg\" alt=\"Plissees Fix\" \/><\/a>\r\n<span class=\"image-hover-title\">PLISSEES FIX<\/span>\r\n<div class=\"image-hover-desc\"><a style=\"color: #fff;\" href=\"https:\/\/idejadekori.com\/de\/produktkategorie\/plissees-fix\/\">Spannplissee-Mechanismus mit manueller Steuerung und fester Aufh\u00e4ngung.\r\nDas Modell PLISE FIX wird von oben montiert und \u00f6ffnet sich nur von unten nach oben. Es eignet sich f\u00fcr R\u00e4ume, in denen ein schlichter und funktionaler Sonnenschutz ben\u00f6tigt wird, der das t\u00e4gliche \u00d6ffnen des Fensters nicht behindert.\r\nEine elegante und diskrete L\u00f6sung f\u00fcr effektiven Sicht- und Sonnenschutz.\r\n<\/a><\/div><br><\/div>\t\t\t\t\t\t\t\t<\/div>\n\t\t\t\t<\/div>\n\t\t\t\t\t<\/div>\n\t\t<\/div>\n\t\t\t\t<div class=\"elementor-column elementor-col-50 elementor-top-column elementor-element elementor-element-872b641\" data-id=\"872b641\" data-element_type=\"column\" data-e-type=\"column\">\n\t\t\t<div class=\"elementor-widget-wrap elementor-element-populated\">\n\t\t\t\t\t\t<div class=\"elementor-element elementor-element-fc60e6f elementor-widget elementor-widget-text-editor\" data-id=\"fc60e6f\" data-element_type=\"widget\" data-e-type=\"widget\" data-widget_type=\"text-editor.default\">\n\t\t\t\t<div class=\"elementor-widget-container\">\n\t\t\t\t\t\t\t\t\t<div class=\"image-hover-box\">\r\n<a href=\"\/de\/produktkategorie\/plissees-duo\"><img decoding=\"async\" src=\"https:\/\/idejadekori.com\/wp-content\/uploads\/2025\/05\/kat-plise-1615.jpg\" alt=\"Plissees Duo\" \/><\/a>\r\n<span class=\"image-hover-title\">PLISSEES DUO<\/span>\r\n<div class=\"image-hover-desc\"><a style=\"color: #fff;\" href=\"https:\/\/idejadekori.com\/de\/produktkategorie\/plissees-duo\/\">Spannplissee-Mechanismus mit manueller Steuerung und variabler Aufh\u00e4ngung.\r\nDas Modell PLISE DUO wird mit vier Halterungen befestigt und erm\u00f6glicht dank F\u00fchrungen und Schn\u00fcren die Bewegung des Tuchs sowohl von oben als auch von unten. Dies sorgt f\u00fcr maximale Flexibilit\u00e4t bei der Regulierung von Licht und Sichtschutz.\r\nEs eignet sich hervorragend f\u00fcr Wohn- und B\u00fcror\u00e4ume mit h\u00f6heren Anforderungen an die Anpassungsf\u00e4higkeit.\r\n<\/a><\/div><br><\/div>\t\t\t\t\t\t\t\t<\/div>\n\t\t\t\t<\/div>\n\t\t\t\t\t<\/div>\n\t\t<\/div>\n\t\t\t\t\t<\/div>\n\t\t<\/section>\n\t\t\t\t<\/div>\n\t\t","protected":false},"excerpt":{"rendered":"<p>Webshop Ideja Dekori \u2013 Plissees nach Ma\u00df. Personalisiertes Plissee-Angebot mit einfacher Bestellung und Lieferung.Mit wenigen Klicks Plissees bestellen, Videoanleitung ansehen und selbst montieren! PLISSEES FIX Spannplissee-Mechanismus mit manueller Steuerung und fester Aufh\u00e4ngung. Das Modell PLISE FIX wird von oben montiert und \u00f6ffnet sich nur von unten nach oben. Es eignet sich f\u00fcr R\u00e4ume, in denen&hellip;<\/p>\n","protected":false},"author":2,"featured_media":0,"parent":0,"menu_order":0,"comment_status":"closed","ping_status":"closed","template":"","meta":{"footnotes":""},"class_list":["post-96823","page","type-page","status-publish","hentry"],"yoast_head":"<!-- This site is optimized with the Yoast SEO plugin v27.4 - https:\/\/yoast.com\/product\/yoast-seo-wordpress\/ -->\n<title>Plissees - Ideja Dekori<\/title>\n<meta name=\"robots\" content=\"noindex, nofollow\" \/>\n<meta property=\"og:locale\" content=\"de_DE\" \/>\n<meta property=\"og:type\" content=\"article\" \/>\n<meta property=\"og:title\" content=\"Plissees - Ideja Dekori\" \/>\n<meta property=\"og:description\" content=\"Webshop Ideja Dekori \u2013 Plissees nach Ma\u00df. Personalisiertes Plissee-Angebot mit einfacher Bestellung und Lieferung.Mit wenigen Klicks Plissees bestellen, Videoanleitung ansehen und selbst montieren! PLISSEES FIX Spannplissee-Mechanismus mit manueller Steuerung und fester Aufh\u00e4ngung. Das Modell PLISE FIX wird von oben montiert und \u00f6ffnet sich nur von unten nach oben. Es eignet sich f\u00fcr R\u00e4ume, in denen&hellip;\" \/>\n<meta property=\"og:url\" content=\"https:\/\/idejadekori.com\/plise-sjenila\/\" \/>\n<meta property=\"og:site_name\" content=\"Ideja Dekori\" \/>\n<meta property=\"article:publisher\" content=\"https:\/\/www.facebook.com\/idejadekori\/\" \/>\n<meta property=\"article:modified_time\" content=\"2025-09-12T09:53:34+00:00\" \/>\n<meta property=\"og:image\" content=\"https:\/\/idejadekori.com\/wp-content\/uploads\/2025\/05\/kat-plise-1600.jpg\" \/>\n<meta name=\"twitter:card\" content=\"summary_large_image\" \/>\n<meta name=\"twitter:label1\" content=\"Gesch\u00e4tzte Lesezeit\" \/>\n\t<meta name=\"twitter:data1\" content=\"1\u00a0Minute\" \/>\n<script type=\"application\/ld+json\" class=\"yoast-schema-graph\">{\"@context\":\"https:\\\/\\\/schema.org\",\"@graph\":[{\"@type\":\"WebPage\",\"@id\":\"https:\\\/\\\/idejadekori.com\\\/plise-sjenila\\\/\",\"url\":\"https:\\\/\\\/idejadekori.com\\\/plise-sjenila\\\/\",\"name\":\"Plissees - Ideja Dekori\",\"isPartOf\":{\"@id\":\"https:\\\/\\\/idejadekori.com\\\/#website\"},\"primaryImageOfPage\":{\"@id\":\"https:\\\/\\\/idejadekori.com\\\/plise-sjenila\\\/#primaryimage\"},\"image\":{\"@id\":\"https:\\\/\\\/idejadekori.com\\\/plise-sjenila\\\/#primaryimage\"},\"thumbnailUrl\":\"https:\\\/\\\/idejadekori.com\\\/wp-content\\\/uploads\\\/2025\\\/05\\\/kat-plise-1600.jpg\",\"datePublished\":\"2025-08-25T06:13:45+00:00\",\"dateModified\":\"2025-09-12T09:53:34+00:00\",\"breadcrumb\":{\"@id\":\"https:\\\/\\\/idejadekori.com\\\/plise-sjenila\\\/#breadcrumb\"},\"inLanguage\":\"de\",\"potentialAction\":[{\"@type\":\"ReadAction\",\"target\":[\"https:\\\/\\\/idejadekori.com\\\/plise-sjenila\\\/\"]}]},{\"@type\":\"ImageObject\",\"inLanguage\":\"de\",\"@id\":\"https:\\\/\\\/idejadekori.com\\\/plise-sjenila\\\/#primaryimage\",\"url\":\"https:\\\/\\\/idejadekori.com\\\/wp-content\\\/uploads\\\/2025\\\/05\\\/kat-plise-1600.jpg\",\"contentUrl\":\"https:\\\/\\\/idejadekori.com\\\/wp-content\\\/uploads\\\/2025\\\/05\\\/kat-plise-1600.jpg\"},{\"@type\":\"BreadcrumbList\",\"@id\":\"https:\\\/\\\/idejadekori.com\\\/plise-sjenila\\\/#breadcrumb\",\"itemListElement\":[{\"@type\":\"ListItem\",\"position\":1,\"name\":\"Po\u010detna stranica\",\"item\":\"https:\\\/\\\/idejadekori.com\\\/\"},{\"@type\":\"ListItem\",\"position\":2,\"name\":\"Plissees\"}]},{\"@type\":\"WebSite\",\"@id\":\"https:\\\/\\\/idejadekori.com\\\/#website\",\"url\":\"https:\\\/\\\/idejadekori.com\\\/\",\"name\":\"Ideja Dekori\",\"description\":\"Zavjese, tende, pergole, tepisi\",\"publisher\":{\"@id\":\"https:\\\/\\\/idejadekori.com\\\/#organization\"},\"potentialAction\":[{\"@type\":\"SearchAction\",\"target\":{\"@type\":\"EntryPoint\",\"urlTemplate\":\"https:\\\/\\\/idejadekori.com\\\/?s={search_term_string}\"},\"query-input\":{\"@type\":\"PropertyValueSpecification\",\"valueRequired\":true,\"valueName\":\"search_term_string\"}}],\"inLanguage\":\"de\"},{\"@type\":\"Organization\",\"@id\":\"https:\\\/\\\/idejadekori.com\\\/#organization\",\"name\":\"Ideja Dekori d.o.o.\",\"url\":\"https:\\\/\\\/idejadekori.com\\\/\",\"logo\":{\"@type\":\"ImageObject\",\"inLanguage\":\"de\",\"@id\":\"https:\\\/\\\/idejadekori.com\\\/#\\\/schema\\\/logo\\\/image\\\/\",\"url\":\"https:\\\/\\\/idejadekori.com\\\/wp-content\\\/uploads\\\/2020\\\/03\\\/footer-logo.png\",\"contentUrl\":\"https:\\\/\\\/idejadekori.com\\\/wp-content\\\/uploads\\\/2020\\\/03\\\/footer-logo.png\",\"width\":64,\"height\":109,\"caption\":\"Ideja Dekori d.o.o.\"},\"image\":{\"@id\":\"https:\\\/\\\/idejadekori.com\\\/#\\\/schema\\\/logo\\\/image\\\/\"},\"sameAs\":[\"https:\\\/\\\/www.facebook.com\\\/idejadekori\\\/\",\"https:\\\/\\\/www.instagram.com\\\/ideja.dekori\\\/\"]}]}<\/script>\n<!-- \/ Yoast SEO plugin. -->","yoast_head_json":{"title":"Plissees - Ideja Dekori","robots":{"index":"noindex","follow":"nofollow"},"og_locale":"de_DE","og_type":"article","og_title":"Plissees - Ideja Dekori","og_description":"Webshop Ideja Dekori \u2013 Plissees nach Ma\u00df. Personalisiertes Plissee-Angebot mit einfacher Bestellung und Lieferung.Mit wenigen Klicks Plissees bestellen, Videoanleitung ansehen und selbst montieren! PLISSEES FIX Spannplissee-Mechanismus mit manueller Steuerung und fester Aufh\u00e4ngung. Das Modell PLISE FIX wird von oben montiert und \u00f6ffnet sich nur von unten nach oben. Es eignet sich f\u00fcr R\u00e4ume, in denen&hellip;","og_url":"https:\/\/idejadekori.com\/plise-sjenila\/","og_site_name":"Ideja Dekori","article_publisher":"https:\/\/www.facebook.com\/idejadekori\/","article_modified_time":"2025-09-12T09:53:34+00:00","og_image":[{"url":"https:\/\/idejadekori.com\/wp-content\/uploads\/2025\/05\/kat-plise-1600.jpg","type":"","width":"","height":""}],"twitter_card":"summary_large_image","twitter_misc":{"Gesch\u00e4tzte Lesezeit":"1\u00a0Minute"},"schema":{"@context":"https:\/\/schema.org","@graph":[{"@type":"WebPage","@id":"https:\/\/idejadekori.com\/plise-sjenila\/","url":"https:\/\/idejadekori.com\/plise-sjenila\/","name":"Plissees - Ideja Dekori","isPartOf":{"@id":"https:\/\/idejadekori.com\/#website"},"primaryImageOfPage":{"@id":"https:\/\/idejadekori.com\/plise-sjenila\/#primaryimage"},"image":{"@id":"https:\/\/idejadekori.com\/plise-sjenila\/#primaryimage"},"thumbnailUrl":"https:\/\/idejadekori.com\/wp-content\/uploads\/2025\/05\/kat-plise-1600.jpg","datePublished":"2025-08-25T06:13:45+00:00","dateModified":"2025-09-12T09:53:34+00:00","breadcrumb":{"@id":"https:\/\/idejadekori.com\/plise-sjenila\/#breadcrumb"},"inLanguage":"de","potentialAction":[{"@type":"ReadAction","target":["https:\/\/idejadekori.com\/plise-sjenila\/"]}]},{"@type":"ImageObject","inLanguage":"de","@id":"https:\/\/idejadekori.com\/plise-sjenila\/#primaryimage","url":"https:\/\/idejadekori.com\/wp-content\/uploads\/2025\/05\/kat-plise-1600.jpg","contentUrl":"https:\/\/idejadekori.com\/wp-content\/uploads\/2025\/05\/kat-plise-1600.jpg"},{"@type":"BreadcrumbList","@id":"https:\/\/idejadekori.com\/plise-sjenila\/#breadcrumb","itemListElement":[{"@type":"ListItem","position":1,"name":"Po\u010detna stranica","item":"https:\/\/idejadekori.com\/"},{"@type":"ListItem","position":2,"name":"Plissees"}]},{"@type":"WebSite","@id":"https:\/\/idejadekori.com\/#website","url":"https:\/\/idejadekori.com\/","name":"Ideja Dekori","description":"Zavjese, tende, pergole, tepisi","publisher":{"@id":"https:\/\/idejadekori.com\/#organization"},"potentialAction":[{"@type":"SearchAction","target":{"@type":"EntryPoint","urlTemplate":"https:\/\/idejadekori.com\/?s={search_term_string}"},"query-input":{"@type":"PropertyValueSpecification","valueRequired":true,"valueName":"search_term_string"}}],"inLanguage":"de"},{"@type":"Organization","@id":"https:\/\/idejadekori.com\/#organization","name":"Ideja Dekori d.o.o.","url":"https:\/\/idejadekori.com\/","logo":{"@type":"ImageObject","inLanguage":"de","@id":"https:\/\/idejadekori.com\/#\/schema\/logo\/image\/","url":"https:\/\/idejadekori.com\/wp-content\/uploads\/2020\/03\/footer-logo.png","contentUrl":"https:\/\/idejadekori.com\/wp-content\/uploads\/2020\/03\/footer-logo.png","width":64,"height":109,"caption":"Ideja Dekori d.o.o."},"image":{"@id":"https:\/\/idejadekori.com\/#\/schema\/logo\/image\/"},"sameAs":["https:\/\/www.facebook.com\/idejadekori\/","https:\/\/www.instagram.com\/ideja.dekori\/"]}]}},"_links":{"self":[{"href":"https:\/\/idejadekori.com\/de\/wp-json\/wp\/v2\/pages\/96823","targetHints":{"allow":["GET"]}}],"collection":[{"href":"https:\/\/idejadekori.com\/de\/wp-json\/wp\/v2\/pages"}],"about":[{"href":"https:\/\/idejadekori.com\/de\/wp-json\/wp\/v2\/types\/page"}],"author":[{"embeddable":true,"href":"https:\/\/idejadekori.com\/de\/wp-json\/wp\/v2\/users\/2"}],"replies":[{"embeddable":true,"href":"https:\/\/idejadekori.com\/de\/wp-json\/wp\/v2\/comments?post=96823"}],"version-history":[{"count":4,"href":"https:\/\/idejadekori.com\/de\/wp-json\/wp\/v2\/pages\/96823\/revisions"}],"predecessor-version":[{"id":96874,"href":"https:\/\/idejadekori.com\/de\/wp-json\/wp\/v2\/pages\/96823\/revisions\/96874"}],"wp:attachment":[{"href":"https:\/\/idejadekori.com\/de\/wp-json\/wp\/v2\/media?parent=96823"}],"curies":[{"name":"wp","href":"https:\/\/api.w.org\/{rel}","templated":true}]}}