{"id":96827,"date":"2025-08-25T08:22:57","date_gmt":"2025-08-25T06:22:57","guid":{"rendered":"https:\/\/idejadekori.com\/rollos\/"},"modified":"2025-09-12T11:53:15","modified_gmt":"2025-09-12T09:53:15","slug":"rollos","status":"publish","type":"page","link":"https:\/\/idejadekori.com\/de\/rollos\/","title":{"rendered":"Rollos"},"content":{"rendered":"\t\t<div data-elementor-type=\"wp-page\" data-elementor-id=\"96827\" class=\"elementor elementor-96827 elementor-96609\" data-elementor-post-type=\"page\">\n\t\t\t\t\t\t<section class=\"elementor-section elementor-top-section elementor-element elementor-element-02c8cf7 elementor-section-boxed elementor-section-height-default elementor-section-height-default\" data-id=\"02c8cf7\" data-element_type=\"section\" data-e-type=\"section\">\n\t\t\t\t\t\t<div class=\"elementor-container elementor-column-gap-default\">\n\t\t\t\t\t<div class=\"elementor-column elementor-col-100 elementor-top-column elementor-element elementor-element-f5938cb\" data-id=\"f5938cb\" data-element_type=\"column\" data-e-type=\"column\">\n\t\t\t<div class=\"elementor-widget-wrap elementor-element-populated\">\n\t\t\t\t\t\t<div class=\"elementor-element elementor-element-b1f1654 elementor-widget elementor-widget-text-editor\" data-id=\"b1f1654\" data-element_type=\"widget\" data-e-type=\"widget\" data-widget_type=\"text-editor.default\">\n\t\t\t\t<div class=\"elementor-widget-container\">\n\t\t\t\t\t\t\t\t\t<p>Ideja Dekori Webshop \u2013 ma\u00dfgeschneiderte Rollos.<\/p>\n\t\t\t\t\t\t\t\t<\/div>\n\t\t\t\t<\/div>\n\t\t\t\t<div class=\"elementor-element elementor-element-deabb1c elementor-widget-divider--view-line elementor-widget elementor-widget-divider\" data-id=\"deabb1c\" data-element_type=\"widget\" data-e-type=\"widget\" data-widget_type=\"divider.default\">\n\t\t\t\t<div class=\"elementor-widget-container\">\n\t\t\t\t\t\t\t<div class=\"elementor-divider\">\n\t\t\t<span class=\"elementor-divider-separator\">\n\t\t\t\t\t\t<\/span>\n\t\t<\/div>\n\t\t\t\t\t\t<\/div>\n\t\t\t\t<\/div>\n\t\t\t\t<div class=\"elementor-element elementor-element-49712e7 elementor-widget elementor-widget-text-editor\" data-id=\"49712e7\" data-element_type=\"widget\" data-e-type=\"widget\" data-widget_type=\"text-editor.default\">\n\t\t\t\t<div class=\"elementor-widget-container\">\n\t\t\t\t\t\t\t\t\t<p style=\"text-align: center;\">Individuell gestaltete Rollos mit einfacher Bestellung und Lieferung.<br \/>Mit wenigen Klicks bestellen Sie Ihre Rollos, sehen sich die Videoanleitung an und montieren sie selbst!<\/p>\n\t\t\t\t\t\t\t\t<\/div>\n\t\t\t\t<\/div>\n\t\t\t\t\t<\/div>\n\t\t<\/div>\n\t\t\t\t\t<\/div>\n\t\t<\/section>\n\t\t\t\t<section class=\"elementor-section elementor-top-section elementor-element elementor-element-3a09b57 elementor-section-boxed elementor-section-height-default elementor-section-height-default\" data-id=\"3a09b57\" data-element_type=\"section\" data-e-type=\"section\">\n\t\t\t\t\t\t<div class=\"elementor-container elementor-column-gap-default\">\n\t\t\t\t\t<div class=\"elementor-column elementor-col-50 elementor-top-column elementor-element elementor-element-6d77c5c\" data-id=\"6d77c5c\" data-element_type=\"column\" data-e-type=\"column\">\n\t\t\t<div class=\"elementor-widget-wrap elementor-element-populated\">\n\t\t\t\t\t\t<div class=\"elementor-element elementor-element-ce2dcc1 elementor-widget elementor-widget-text-editor\" data-id=\"ce2dcc1\" data-element_type=\"widget\" data-e-type=\"widget\" data-widget_type=\"text-editor.default\">\n\t\t\t\t<div class=\"elementor-widget-container\">\n\t\t\t\t\t\t\t\t\t<div class=\"image-hover-box\"><a href=\"https:\/\/idejadekori.com\/de\/produktkategorie\/zebra-rollo\/\"><img decoding=\"async\" src=\"https:\/\/idejadekori.com\/wp-content\/uploads\/2025\/08\/kat-rolo-zebra_h.jpg\" alt=\"Zebra-Rollo\" \/><\/a>\r\n<span class=\"image-hover-title\">ZEBRA ROLLO<\/span>\r\n<div class=\"image-hover-desc\"><a href=\"https:\/\/idejadekori.com\/de\/produktkategorie\/zebra-rollo\/\" style=\"color:#fff;\">Ein Doppelrollo mit transparenten und blickdichten Streifen, mit dem Sie die Lichtmenge im Raum ganz einfach regulieren k\u00f6nnen. Mithilfe der Kette k\u00f6nnen Sie die Position der Streifen selbst anpassen und die gew\u00fcnschte Atmosph\u00e4re schaffen.\r\nIdeal f\u00fcr Wohnzimmer, Schlafzimmer und B\u00fcros \u2013 wo Funktionalit\u00e4t und \u00c4sthetik gleicherma\u00dfen wichtig sind. Dieser Rollotyp vereint die Funktionalit\u00e4t eines Rollos mit der Weichheit von Vorh\u00e4ngen in einem Produkt.<\/a><\/div><br><\/div>\t\t\t\t\t\t\t\t<\/div>\n\t\t\t\t<\/div>\n\t\t\t\t\t<\/div>\n\t\t<\/div>\n\t\t\t\t<div class=\"elementor-column elementor-col-50 elementor-top-column elementor-element elementor-element-872b641\" data-id=\"872b641\" data-element_type=\"column\" data-e-type=\"column\">\n\t\t\t<div class=\"elementor-widget-wrap elementor-element-populated\">\n\t\t\t\t\t\t<div class=\"elementor-element elementor-element-fc60e6f elementor-widget elementor-widget-text-editor\" data-id=\"fc60e6f\" data-element_type=\"widget\" data-e-type=\"widget\" data-widget_type=\"text-editor.default\">\n\t\t\t\t<div class=\"elementor-widget-container\">\n\t\t\t\t\t\t\t\t\t<div class=\"image-hover-box\">\r\n<a href=\"https:\/\/idejadekori.com\/de\/produktkategorie\/rollo-classic\/\"><img decoding=\"async\" src=\"https:\/\/idejadekori.com\/wp-content\/uploads\/2025\/05\/kat-rolo.jpg\" alt=\"Rollo Classic\" \/><\/a>\r\n<span class=\"image-hover-title\">ROLO CLASSIC<\/span>\r\n<div class=\"image-hover-desc\"><a href=\"https:\/\/idejadekori.com\/de\/produktkategorie\/rollo-classic\/\" style=\"color:#fff;\">Ein einfaches und effektives Rollo, das mit einer Kette hoch- und heruntergefahren wird. Der Grad der Verdunkelung h\u00e4ngt vom gew\u00e4hlten Stoff ab \u2013 von lichtdurchl\u00e4ssigen Varianten bis hin zu Stoffen, die den Raum vollst\u00e4ndig verdunkeln.\r\nEs ist eine ausgezeichnete Wahl f\u00fcr alle, die eine funktionale L\u00f6sung mit klaren und modernen Linien w\u00fcnschen. Es ist schnell und einfach zu montieren und passt dank der Stoffvielfalt problemlos zu verschiedenen Einrichtungsstilen.<\/a><\/div><br><\/div>\t\t\t\t\t\t\t\t<\/div>\n\t\t\t\t<\/div>\n\t\t\t\t\t<\/div>\n\t\t<\/div>\n\t\t\t\t\t<\/div>\n\t\t<\/section>\n\t\t\t\t<\/div>\n\t\t","protected":false},"excerpt":{"rendered":"<p>Ideja Dekori Webshop \u2013 ma\u00dfgeschneiderte Rollos. Individuell gestaltete Rollos mit einfacher Bestellung und Lieferung.Mit wenigen Klicks bestellen Sie Ihre Rollos, sehen sich die Videoanleitung an und montieren sie selbst! ZEBRA ROLLO Ein Doppelrollo mit transparenten und blickdichten Streifen, mit dem Sie die Lichtmenge im Raum ganz einfach regulieren k\u00f6nnen. Mithilfe der Kette k\u00f6nnen Sie die&hellip;<\/p>\n","protected":false},"author":2,"featured_media":0,"parent":0,"menu_order":0,"comment_status":"closed","ping_status":"closed","template":"","meta":{"footnotes":""},"class_list":["post-96827","page","type-page","status-publish","hentry"],"yoast_head":"<!-- This site is optimized with the Yoast SEO plugin v27.4 - https:\/\/yoast.com\/product\/yoast-seo-wordpress\/ -->\n<title>Rollos - Ideja Dekori<\/title>\n<meta name=\"robots\" content=\"noindex, nofollow\" \/>\n<meta property=\"og:locale\" content=\"de_DE\" \/>\n<meta property=\"og:type\" content=\"article\" \/>\n<meta property=\"og:title\" content=\"Rollos - Ideja Dekori\" \/>\n<meta property=\"og:description\" content=\"Ideja Dekori Webshop \u2013 ma\u00dfgeschneiderte Rollos. Individuell gestaltete Rollos mit einfacher Bestellung und Lieferung.Mit wenigen Klicks bestellen Sie Ihre Rollos, sehen sich die Videoanleitung an und montieren sie selbst! ZEBRA ROLLO Ein Doppelrollo mit transparenten und blickdichten Streifen, mit dem Sie die Lichtmenge im Raum ganz einfach regulieren k\u00f6nnen. Mithilfe der Kette k\u00f6nnen Sie die&hellip;\" \/>\n<meta property=\"og:url\" content=\"https:\/\/idejadekori.com\/rolo-sjenila\/\" \/>\n<meta property=\"og:site_name\" content=\"Ideja Dekori\" \/>\n<meta property=\"article:publisher\" content=\"https:\/\/www.facebook.com\/idejadekori\/\" \/>\n<meta property=\"article:modified_time\" content=\"2025-09-12T09:53:15+00:00\" \/>\n<meta property=\"og:image\" content=\"https:\/\/idejadekori.com\/wp-content\/uploads\/2025\/08\/kat-rolo-zebra_h.jpg\" \/>\n<meta name=\"twitter:card\" content=\"summary_large_image\" \/>\n<meta name=\"twitter:label1\" content=\"Gesch\u00e4tzte Lesezeit\" \/>\n\t<meta name=\"twitter:data1\" content=\"1\u00a0Minute\" \/>\n<script type=\"application\/ld+json\" class=\"yoast-schema-graph\">{\"@context\":\"https:\\\/\\\/schema.org\",\"@graph\":[{\"@type\":\"WebPage\",\"@id\":\"https:\\\/\\\/idejadekori.com\\\/rolo-sjenila\\\/\",\"url\":\"https:\\\/\\\/idejadekori.com\\\/rolo-sjenila\\\/\",\"name\":\"Rollos - Ideja Dekori\",\"isPartOf\":{\"@id\":\"https:\\\/\\\/idejadekori.com\\\/#website\"},\"primaryImageOfPage\":{\"@id\":\"https:\\\/\\\/idejadekori.com\\\/rolo-sjenila\\\/#primaryimage\"},\"image\":{\"@id\":\"https:\\\/\\\/idejadekori.com\\\/rolo-sjenila\\\/#primaryimage\"},\"thumbnailUrl\":\"https:\\\/\\\/idejadekori.com\\\/wp-content\\\/uploads\\\/2025\\\/08\\\/kat-rolo-zebra_h.jpg\",\"datePublished\":\"2025-08-25T06:22:57+00:00\",\"dateModified\":\"2025-09-12T09:53:15+00:00\",\"breadcrumb\":{\"@id\":\"https:\\\/\\\/idejadekori.com\\\/rolo-sjenila\\\/#breadcrumb\"},\"inLanguage\":\"de\",\"potentialAction\":[{\"@type\":\"ReadAction\",\"target\":[\"https:\\\/\\\/idejadekori.com\\\/rolo-sjenila\\\/\"]}]},{\"@type\":\"ImageObject\",\"inLanguage\":\"de\",\"@id\":\"https:\\\/\\\/idejadekori.com\\\/rolo-sjenila\\\/#primaryimage\",\"url\":\"https:\\\/\\\/idejadekori.com\\\/wp-content\\\/uploads\\\/2025\\\/08\\\/kat-rolo-zebra_h.jpg\",\"contentUrl\":\"https:\\\/\\\/idejadekori.com\\\/wp-content\\\/uploads\\\/2025\\\/08\\\/kat-rolo-zebra_h.jpg\"},{\"@type\":\"BreadcrumbList\",\"@id\":\"https:\\\/\\\/idejadekori.com\\\/rolo-sjenila\\\/#breadcrumb\",\"itemListElement\":[{\"@type\":\"ListItem\",\"position\":1,\"name\":\"Po\u010detna stranica\",\"item\":\"https:\\\/\\\/idejadekori.com\\\/\"},{\"@type\":\"ListItem\",\"position\":2,\"name\":\"Rollos\"}]},{\"@type\":\"WebSite\",\"@id\":\"https:\\\/\\\/idejadekori.com\\\/#website\",\"url\":\"https:\\\/\\\/idejadekori.com\\\/\",\"name\":\"Ideja Dekori\",\"description\":\"Zavjese, tende, pergole, tepisi\",\"publisher\":{\"@id\":\"https:\\\/\\\/idejadekori.com\\\/#organization\"},\"potentialAction\":[{\"@type\":\"SearchAction\",\"target\":{\"@type\":\"EntryPoint\",\"urlTemplate\":\"https:\\\/\\\/idejadekori.com\\\/?s={search_term_string}\"},\"query-input\":{\"@type\":\"PropertyValueSpecification\",\"valueRequired\":true,\"valueName\":\"search_term_string\"}}],\"inLanguage\":\"de\"},{\"@type\":\"Organization\",\"@id\":\"https:\\\/\\\/idejadekori.com\\\/#organization\",\"name\":\"Ideja Dekori d.o.o.\",\"url\":\"https:\\\/\\\/idejadekori.com\\\/\",\"logo\":{\"@type\":\"ImageObject\",\"inLanguage\":\"de\",\"@id\":\"https:\\\/\\\/idejadekori.com\\\/#\\\/schema\\\/logo\\\/image\\\/\",\"url\":\"https:\\\/\\\/idejadekori.com\\\/wp-content\\\/uploads\\\/2020\\\/03\\\/footer-logo.png\",\"contentUrl\":\"https:\\\/\\\/idejadekori.com\\\/wp-content\\\/uploads\\\/2020\\\/03\\\/footer-logo.png\",\"width\":64,\"height\":109,\"caption\":\"Ideja Dekori d.o.o.\"},\"image\":{\"@id\":\"https:\\\/\\\/idejadekori.com\\\/#\\\/schema\\\/logo\\\/image\\\/\"},\"sameAs\":[\"https:\\\/\\\/www.facebook.com\\\/idejadekori\\\/\",\"https:\\\/\\\/www.instagram.com\\\/ideja.dekori\\\/\"]}]}<\/script>\n<!-- \/ Yoast SEO plugin. -->","yoast_head_json":{"title":"Rollos - Ideja Dekori","robots":{"index":"noindex","follow":"nofollow"},"og_locale":"de_DE","og_type":"article","og_title":"Rollos - Ideja Dekori","og_description":"Ideja Dekori Webshop \u2013 ma\u00dfgeschneiderte Rollos. Individuell gestaltete Rollos mit einfacher Bestellung und Lieferung.Mit wenigen Klicks bestellen Sie Ihre Rollos, sehen sich die Videoanleitung an und montieren sie selbst! ZEBRA ROLLO Ein Doppelrollo mit transparenten und blickdichten Streifen, mit dem Sie die Lichtmenge im Raum ganz einfach regulieren k\u00f6nnen. Mithilfe der Kette k\u00f6nnen Sie die&hellip;","og_url":"https:\/\/idejadekori.com\/rolo-sjenila\/","og_site_name":"Ideja Dekori","article_publisher":"https:\/\/www.facebook.com\/idejadekori\/","article_modified_time":"2025-09-12T09:53:15+00:00","og_image":[{"url":"https:\/\/idejadekori.com\/wp-content\/uploads\/2025\/08\/kat-rolo-zebra_h.jpg","type":"","width":"","height":""}],"twitter_card":"summary_large_image","twitter_misc":{"Gesch\u00e4tzte Lesezeit":"1\u00a0Minute"},"schema":{"@context":"https:\/\/schema.org","@graph":[{"@type":"WebPage","@id":"https:\/\/idejadekori.com\/rolo-sjenila\/","url":"https:\/\/idejadekori.com\/rolo-sjenila\/","name":"Rollos - Ideja Dekori","isPartOf":{"@id":"https:\/\/idejadekori.com\/#website"},"primaryImageOfPage":{"@id":"https:\/\/idejadekori.com\/rolo-sjenila\/#primaryimage"},"image":{"@id":"https:\/\/idejadekori.com\/rolo-sjenila\/#primaryimage"},"thumbnailUrl":"https:\/\/idejadekori.com\/wp-content\/uploads\/2025\/08\/kat-rolo-zebra_h.jpg","datePublished":"2025-08-25T06:22:57+00:00","dateModified":"2025-09-12T09:53:15+00:00","breadcrumb":{"@id":"https:\/\/idejadekori.com\/rolo-sjenila\/#breadcrumb"},"inLanguage":"de","potentialAction":[{"@type":"ReadAction","target":["https:\/\/idejadekori.com\/rolo-sjenila\/"]}]},{"@type":"ImageObject","inLanguage":"de","@id":"https:\/\/idejadekori.com\/rolo-sjenila\/#primaryimage","url":"https:\/\/idejadekori.com\/wp-content\/uploads\/2025\/08\/kat-rolo-zebra_h.jpg","contentUrl":"https:\/\/idejadekori.com\/wp-content\/uploads\/2025\/08\/kat-rolo-zebra_h.jpg"},{"@type":"BreadcrumbList","@id":"https:\/\/idejadekori.com\/rolo-sjenila\/#breadcrumb","itemListElement":[{"@type":"ListItem","position":1,"name":"Po\u010detna stranica","item":"https:\/\/idejadekori.com\/"},{"@type":"ListItem","position":2,"name":"Rollos"}]},{"@type":"WebSite","@id":"https:\/\/idejadekori.com\/#website","url":"https:\/\/idejadekori.com\/","name":"Ideja Dekori","description":"Zavjese, tende, pergole, tepisi","publisher":{"@id":"https:\/\/idejadekori.com\/#organization"},"potentialAction":[{"@type":"SearchAction","target":{"@type":"EntryPoint","urlTemplate":"https:\/\/idejadekori.com\/?s={search_term_string}"},"query-input":{"@type":"PropertyValueSpecification","valueRequired":true,"valueName":"search_term_string"}}],"inLanguage":"de"},{"@type":"Organization","@id":"https:\/\/idejadekori.com\/#organization","name":"Ideja Dekori d.o.o.","url":"https:\/\/idejadekori.com\/","logo":{"@type":"ImageObject","inLanguage":"de","@id":"https:\/\/idejadekori.com\/#\/schema\/logo\/image\/","url":"https:\/\/idejadekori.com\/wp-content\/uploads\/2020\/03\/footer-logo.png","contentUrl":"https:\/\/idejadekori.com\/wp-content\/uploads\/2020\/03\/footer-logo.png","width":64,"height":109,"caption":"Ideja Dekori d.o.o."},"image":{"@id":"https:\/\/idejadekori.com\/#\/schema\/logo\/image\/"},"sameAs":["https:\/\/www.facebook.com\/idejadekori\/","https:\/\/www.instagram.com\/ideja.dekori\/"]}]}},"_links":{"self":[{"href":"https:\/\/idejadekori.com\/de\/wp-json\/wp\/v2\/pages\/96827","targetHints":{"allow":["GET"]}}],"collection":[{"href":"https:\/\/idejadekori.com\/de\/wp-json\/wp\/v2\/pages"}],"about":[{"href":"https:\/\/idejadekori.com\/de\/wp-json\/wp\/v2\/types\/page"}],"author":[{"embeddable":true,"href":"https:\/\/idejadekori.com\/de\/wp-json\/wp\/v2\/users\/2"}],"replies":[{"embeddable":true,"href":"https:\/\/idejadekori.com\/de\/wp-json\/wp\/v2\/comments?post=96827"}],"version-history":[{"count":2,"href":"https:\/\/idejadekori.com\/de\/wp-json\/wp\/v2\/pages\/96827\/revisions"}],"predecessor-version":[{"id":96869,"href":"https:\/\/idejadekori.com\/de\/wp-json\/wp\/v2\/pages\/96827\/revisions\/96869"}],"wp:attachment":[{"href":"https:\/\/idejadekori.com\/de\/wp-json\/wp\/v2\/media?parent=96827"}],"curies":[{"name":"wp","href":"https:\/\/api.w.org\/{rel}","templated":true}]}}