{"id":96604,"date":"2025-07-16T22:52:21","date_gmt":"2025-07-16T20:52:21","guid":{"rendered":"https:\/\/idejadekori.com\/?page_id=96604"},"modified":"2025-07-16T22:52:25","modified_gmt":"2025-07-16T20:52:25","slug":"eu-project","status":"publish","type":"page","link":"https:\/\/idejadekori.com\/en\/eu-project\/","title":{"rendered":"EU project"},"content":{"rendered":"\t\t<div data-elementor-type=\"wp-page\" data-elementor-id=\"96604\" class=\"elementor elementor-96604 elementor-2027\" data-elementor-post-type=\"page\">\n\t\t\t\t\t\t<section class=\"elementor-section elementor-top-section elementor-element elementor-element-d21719b elementor-section-boxed elementor-section-height-default elementor-section-height-default\" data-id=\"d21719b\" data-element_type=\"section\" data-e-type=\"section\">\n\t\t\t\t\t\t<div class=\"elementor-container elementor-column-gap-default\">\n\t\t\t\t\t<div class=\"elementor-column elementor-col-100 elementor-top-column elementor-element elementor-element-13d4158\" data-id=\"13d4158\" data-element_type=\"column\" data-e-type=\"column\">\n\t\t\t<div class=\"elementor-widget-wrap elementor-element-populated\">\n\t\t\t\t\t\t<div class=\"elementor-element elementor-element-2fddb5e elementor-widget elementor-widget-image\" data-id=\"2fddb5e\" data-element_type=\"widget\" data-e-type=\"widget\" data-widget_type=\"image.default\">\n\t\t\t\t<div class=\"elementor-widget-container\">\n\t\t\t\t\t\t\t\t\t\t\t\t\t\t\t<img decoding=\"async\" src=\"https:\/\/idejadekori.com\/wp-content\/uploads\/elementor\/thumbs\/HR_Financira_Europska_unija_RGB_POS-r7tvxf5qj5amg7abj0wh72eevdv5mcjzux6ia6td18.png\" title=\"HR_Financira_Europska_unija_RGB_POS\" alt=\"HR_Financira_Europska_unija_RGB_POS\" loading=\"lazy\" \/>\t\t\t\t\t\t\t\t\t\t\t\t\t\t\t<\/div>\n\t\t\t\t<\/div>\n\t\t\t\t<div class=\"elementor-element elementor-element-969bcc6 elementor-widget elementor-widget-text-editor\" data-id=\"969bcc6\" data-element_type=\"widget\" data-e-type=\"widget\" data-widget_type=\"text-editor.default\">\n\t\t\t\t<div class=\"elementor-widget-container\">\n\t\t\t\t\t\t\t\t\t<p><strong>Naziv poziva:<\/strong> VAU\u010cERI ZA DIGITALIZACIJU &#8211; Vau\u010der za digitalni marketing (VDM) &#8211; NPOO.C1.1.2.R3-I2.02<\/p><p><strong>Naziv projekta:<\/strong>\u00a0\u00a0Webshop po mjeri \u2013 digitalni iskorak za Ideja Dekori<\/p><p><strong>Kratki opis projekta:<\/strong> IDEJA DEKORI, specijalizirana za pru\u017eanje dizajnerskih i funkcionalnih rje\u0161enja po mjeri u izradi zavjesa, podnih obloga i ostalog asortimana provodi projekt &#8220;Webshop Po Mjeri&#8221; usmjeren je na rje\u0161avanje problema ograni\u010dene online prisutnosti i prodajnih kanala, s posebnim naglaskom na dopiranje do ve\u0107eg broja kupaca.\u00a0Ovim projektom cilja se na \u0161irenje tr\u017ei\u0161ta i pristup novim kupcima diljem Hrvatske, kroz razvoj funkcionalnog\u00a0webshopa koji omogu\u0107ava personaliziranu kupnju proizvoda po mjeri baziran na automatskom izra\u010dunu cijene temeljem unesenih korisni\u010dkih specifikacija. Ciljne skupine uklju\u010duju postoje\u0107e i nove kupce, s fokusom na\u00a0manje kupce i kupce izvan Istre, \u010dime se podupire vidljivost i promid\u017eba projekta na \u0161irem tr\u017ei\u0161tu.<\/p><p><strong>Cilj i o\u010dekivani rezultati:<\/strong> Projekt razvoja e-trgovine za Ideja Dekori omogu\u0107it \u0107e otvaranje novih i unaprje\u0111enje postoje\u0107ih kanala\u00a0komunikacije, te unaprje\u0111enje odnosa s kupcima. Implementacijom online prodajnog kanala, tvrtka \u0107e omogu\u0107iti kupcima da lako pristupe, prilagode i naru\u010de proizvode po mjeri. To \u0107e doprinijeti pove\u0107anju konkurentnosti\u00a0poduze\u0107a pru\u017eanjem dodatne vrijednosti kroz personaliziranu kupnju i pobolj\u0161anje korisni\u010dkog iskustva. Projekt\u00a0\u0107e tako\u0111er omogu\u0107iti bolje razumijevanje potreba i preferencija kupaca, \u0161to \u0107e doprinijeti optimizaciji ponude i\u00a0pove\u0107anju zadovoljstva klijenata. O\u010dekivani rezultat je izra\u0111ena i pu\u0161tena u rad profesionalna e-trgovina na postoje\u0107oj domeni za IDEJA DEKORI d.o.o.<\/p><p><strong>Ukupna vrijednost projekta:\u00a0<\/strong>\u00a04.987,50 EUR<\/p><p><strong>Iznos koji sufinancira EU: <\/strong>1.995,00 EUR<\/p><p><strong>Razdoblje provedbe projekta (od-do): <\/strong>26.06.2024.-26.06.2025.<\/p><p><strong>Kontakt osoba za vi\u0161e informacija: <\/strong>Nino \u017dikovi\u0107<\/p><p><strong>Nacionalni plan oporavka i otpornosti 2021.-2026.: <\/strong><a href=\"https:\/\/planoporavka.gov.hr\">https:\/\/planoporavka.gov.hr<\/a><\/p>\t\t\t\t\t\t\t\t<\/div>\n\t\t\t\t<\/div>\n\t\t\t\t<div class=\"elementor-element elementor-element-2637a35 elementor-widget elementor-widget-spacer\" data-id=\"2637a35\" data-element_type=\"widget\" data-e-type=\"widget\" data-widget_type=\"spacer.default\">\n\t\t\t\t<div class=\"elementor-widget-container\">\n\t\t\t\t\t\t\t<div class=\"elementor-spacer\">\n\t\t\t<div class=\"elementor-spacer-inner\"><\/div>\n\t\t<\/div>\n\t\t\t\t\t\t<\/div>\n\t\t\t\t<\/div>\n\t\t\t\t<div class=\"elementor-element elementor-element-9cd3d75 elementor-widget elementor-widget-text-editor\" data-id=\"9cd3d75\" data-element_type=\"widget\" data-e-type=\"widget\" data-widget_type=\"text-editor.default\">\n\t\t\t\t<div class=\"elementor-widget-container\">\n\t\t\t\t\t\t\t\t\t<p style=\"text-align: center;\"><em>Financira Europska unija \u2013 NextGenerationEU.\u00a0<\/em><\/p><p style=\"text-align: center;\"><em>Izneseni stavovi i mi\u0161ljenja samo su autorova i ne odra\u017eavaju nu\u017eno slu\u017ebena stajali\u0161ta Europske unije ili Europske komisije. Ni Europska unija ni Europska komisija ne mogu se smatrati odgovornima za njih.<\/em><\/p>\t\t\t\t\t\t\t\t<\/div>\n\t\t\t\t<\/div>\n\t\t\t\t\t<\/div>\n\t\t<\/div>\n\t\t\t\t\t<\/div>\n\t\t<\/section>\n\t\t\t\t<\/div>\n\t\t","protected":false},"excerpt":{"rendered":"<p>Naziv poziva: VAU\u010cERI ZA DIGITALIZACIJU &#8211; Vau\u010der za digitalni marketing (VDM) &#8211; NPOO.C1.1.2.R3-I2.02 Naziv projekta:\u00a0\u00a0Webshop po mjeri \u2013 digitalni iskorak za Ideja Dekori Kratki opis projekta: IDEJA DEKORI, specijalizirana za pru\u017eanje dizajnerskih i funkcionalnih rje\u0161enja po mjeri u izradi zavjesa, podnih obloga i ostalog asortimana provodi projekt &#8220;Webshop Po Mjeri&#8221; usmjeren je na rje\u0161avanje problema&hellip;<\/p>\n","protected":false},"author":2,"featured_media":0,"parent":0,"menu_order":0,"comment_status":"closed","ping_status":"closed","template":"","meta":{"footnotes":""},"class_list":["post-96604","page","type-page","status-publish","hentry"],"yoast_head":"<!-- This site is optimized with the Yoast SEO plugin v27.4 - https:\/\/yoast.com\/product\/yoast-seo-wordpress\/ -->\n<title>EU project - Ideja Dekori<\/title>\n<meta name=\"robots\" content=\"index, follow, max-snippet:-1, max-image-preview:large, max-video-preview:-1\" \/>\n<link rel=\"canonical\" href=\"https:\/\/idejadekori.com\/en\/eu-project\/\" \/>\n<meta property=\"og:locale\" content=\"en_US\" \/>\n<meta property=\"og:type\" content=\"article\" \/>\n<meta property=\"og:title\" content=\"EU project - Ideja Dekori\" \/>\n<meta property=\"og:description\" content=\"Naziv poziva: VAU\u010cERI ZA DIGITALIZACIJU &#8211; Vau\u010der za digitalni marketing (VDM) &#8211; NPOO.C1.1.2.R3-I2.02 Naziv projekta:\u00a0\u00a0Webshop po mjeri \u2013 digitalni iskorak za Ideja Dekori Kratki opis projekta: IDEJA DEKORI, specijalizirana za pru\u017eanje dizajnerskih i funkcionalnih rje\u0161enja po mjeri u izradi zavjesa, podnih obloga i ostalog asortimana provodi projekt &#8220;Webshop Po Mjeri&#8221; usmjeren je na rje\u0161avanje problema&hellip;\" \/>\n<meta property=\"og:url\" content=\"https:\/\/idejadekori.com\/en\/eu-project\/\" \/>\n<meta property=\"og:site_name\" content=\"Ideja Dekori\" \/>\n<meta property=\"article:publisher\" content=\"https:\/\/www.facebook.com\/idejadekori\/\" \/>\n<meta property=\"article:modified_time\" content=\"2025-07-16T20:52:25+00:00\" \/>\n<meta property=\"og:image\" content=\"https:\/\/idejadekori.com\/wp-content\/uploads\/elementor\/thumbs\/HR_Financira_Europska_unija_RGB_POS-r7tvxf5qj5amg7abj0wh72eevdv5mcjzux6ia6td18.png\" \/>\n<meta name=\"twitter:card\" content=\"summary_large_image\" \/>\n<meta name=\"twitter:label1\" content=\"Est. reading time\" \/>\n\t<meta name=\"twitter:data1\" content=\"2 minutes\" \/>\n<script type=\"application\/ld+json\" class=\"yoast-schema-graph\">{\"@context\":\"https:\\\/\\\/schema.org\",\"@graph\":[{\"@type\":\"WebPage\",\"@id\":\"https:\\\/\\\/idejadekori.com\\\/en\\\/eu-project\\\/\",\"url\":\"https:\\\/\\\/idejadekori.com\\\/en\\\/eu-project\\\/\",\"name\":\"EU project - Ideja Dekori\",\"isPartOf\":{\"@id\":\"https:\\\/\\\/idejadekori.com\\\/#website\"},\"primaryImageOfPage\":{\"@id\":\"https:\\\/\\\/idejadekori.com\\\/en\\\/eu-project\\\/#primaryimage\"},\"image\":{\"@id\":\"https:\\\/\\\/idejadekori.com\\\/en\\\/eu-project\\\/#primaryimage\"},\"thumbnailUrl\":\"https:\\\/\\\/idejadekori.com\\\/wp-content\\\/uploads\\\/elementor\\\/thumbs\\\/HR_Financira_Europska_unija_RGB_POS-r7tvxf5qj5amg7abj0wh72eevdv5mcjzux6ia6td18.png\",\"datePublished\":\"2025-07-16T20:52:21+00:00\",\"dateModified\":\"2025-07-16T20:52:25+00:00\",\"breadcrumb\":{\"@id\":\"https:\\\/\\\/idejadekori.com\\\/en\\\/eu-project\\\/#breadcrumb\"},\"inLanguage\":\"en-US\",\"potentialAction\":[{\"@type\":\"ReadAction\",\"target\":[\"https:\\\/\\\/idejadekori.com\\\/en\\\/eu-project\\\/\"]}]},{\"@type\":\"ImageObject\",\"inLanguage\":\"en-US\",\"@id\":\"https:\\\/\\\/idejadekori.com\\\/en\\\/eu-project\\\/#primaryimage\",\"url\":\"https:\\\/\\\/idejadekori.com\\\/wp-content\\\/uploads\\\/elementor\\\/thumbs\\\/HR_Financira_Europska_unija_RGB_POS-r7tvxf5qj5amg7abj0wh72eevdv5mcjzux6ia6td18.png\",\"contentUrl\":\"https:\\\/\\\/idejadekori.com\\\/wp-content\\\/uploads\\\/elementor\\\/thumbs\\\/HR_Financira_Europska_unija_RGB_POS-r7tvxf5qj5amg7abj0wh72eevdv5mcjzux6ia6td18.png\"},{\"@type\":\"BreadcrumbList\",\"@id\":\"https:\\\/\\\/idejadekori.com\\\/en\\\/eu-project\\\/#breadcrumb\",\"itemListElement\":[{\"@type\":\"ListItem\",\"position\":1,\"name\":\"Po\u010detna stranica\",\"item\":\"https:\\\/\\\/idejadekori.com\\\/\"},{\"@type\":\"ListItem\",\"position\":2,\"name\":\"EU project\"}]},{\"@type\":\"WebSite\",\"@id\":\"https:\\\/\\\/idejadekori.com\\\/#website\",\"url\":\"https:\\\/\\\/idejadekori.com\\\/\",\"name\":\"Ideja Dekori\",\"description\":\"Zavjese, tende, pergole, tepisi\",\"publisher\":{\"@id\":\"https:\\\/\\\/idejadekori.com\\\/#organization\"},\"potentialAction\":[{\"@type\":\"SearchAction\",\"target\":{\"@type\":\"EntryPoint\",\"urlTemplate\":\"https:\\\/\\\/idejadekori.com\\\/?s={search_term_string}\"},\"query-input\":{\"@type\":\"PropertyValueSpecification\",\"valueRequired\":true,\"valueName\":\"search_term_string\"}}],\"inLanguage\":\"en-US\"},{\"@type\":\"Organization\",\"@id\":\"https:\\\/\\\/idejadekori.com\\\/#organization\",\"name\":\"Ideja Dekori d.o.o.\",\"url\":\"https:\\\/\\\/idejadekori.com\\\/\",\"logo\":{\"@type\":\"ImageObject\",\"inLanguage\":\"en-US\",\"@id\":\"https:\\\/\\\/idejadekori.com\\\/#\\\/schema\\\/logo\\\/image\\\/\",\"url\":\"https:\\\/\\\/idejadekori.com\\\/wp-content\\\/uploads\\\/2020\\\/03\\\/footer-logo.png\",\"contentUrl\":\"https:\\\/\\\/idejadekori.com\\\/wp-content\\\/uploads\\\/2020\\\/03\\\/footer-logo.png\",\"width\":64,\"height\":109,\"caption\":\"Ideja Dekori d.o.o.\"},\"image\":{\"@id\":\"https:\\\/\\\/idejadekori.com\\\/#\\\/schema\\\/logo\\\/image\\\/\"},\"sameAs\":[\"https:\\\/\\\/www.facebook.com\\\/idejadekori\\\/\",\"https:\\\/\\\/www.instagram.com\\\/ideja.dekori\\\/\"]}]}<\/script>\n<!-- \/ Yoast SEO plugin. -->","yoast_head_json":{"title":"EU project - Ideja Dekori","robots":{"index":"index","follow":"follow","max-snippet":"max-snippet:-1","max-image-preview":"max-image-preview:large","max-video-preview":"max-video-preview:-1"},"canonical":"https:\/\/idejadekori.com\/en\/eu-project\/","og_locale":"en_US","og_type":"article","og_title":"EU project - Ideja Dekori","og_description":"Naziv poziva: VAU\u010cERI ZA DIGITALIZACIJU &#8211; Vau\u010der za digitalni marketing (VDM) &#8211; NPOO.C1.1.2.R3-I2.02 Naziv projekta:\u00a0\u00a0Webshop po mjeri \u2013 digitalni iskorak za Ideja Dekori Kratki opis projekta: IDEJA DEKORI, specijalizirana za pru\u017eanje dizajnerskih i funkcionalnih rje\u0161enja po mjeri u izradi zavjesa, podnih obloga i ostalog asortimana provodi projekt &#8220;Webshop Po Mjeri&#8221; usmjeren je na rje\u0161avanje problema&hellip;","og_url":"https:\/\/idejadekori.com\/en\/eu-project\/","og_site_name":"Ideja Dekori","article_publisher":"https:\/\/www.facebook.com\/idejadekori\/","article_modified_time":"2025-07-16T20:52:25+00:00","og_image":[{"url":"https:\/\/idejadekori.com\/wp-content\/uploads\/elementor\/thumbs\/HR_Financira_Europska_unija_RGB_POS-r7tvxf5qj5amg7abj0wh72eevdv5mcjzux6ia6td18.png","type":"","width":"","height":""}],"twitter_card":"summary_large_image","twitter_misc":{"Est. reading time":"2 minutes"},"schema":{"@context":"https:\/\/schema.org","@graph":[{"@type":"WebPage","@id":"https:\/\/idejadekori.com\/en\/eu-project\/","url":"https:\/\/idejadekori.com\/en\/eu-project\/","name":"EU project - Ideja Dekori","isPartOf":{"@id":"https:\/\/idejadekori.com\/#website"},"primaryImageOfPage":{"@id":"https:\/\/idejadekori.com\/en\/eu-project\/#primaryimage"},"image":{"@id":"https:\/\/idejadekori.com\/en\/eu-project\/#primaryimage"},"thumbnailUrl":"https:\/\/idejadekori.com\/wp-content\/uploads\/elementor\/thumbs\/HR_Financira_Europska_unija_RGB_POS-r7tvxf5qj5amg7abj0wh72eevdv5mcjzux6ia6td18.png","datePublished":"2025-07-16T20:52:21+00:00","dateModified":"2025-07-16T20:52:25+00:00","breadcrumb":{"@id":"https:\/\/idejadekori.com\/en\/eu-project\/#breadcrumb"},"inLanguage":"en-US","potentialAction":[{"@type":"ReadAction","target":["https:\/\/idejadekori.com\/en\/eu-project\/"]}]},{"@type":"ImageObject","inLanguage":"en-US","@id":"https:\/\/idejadekori.com\/en\/eu-project\/#primaryimage","url":"https:\/\/idejadekori.com\/wp-content\/uploads\/elementor\/thumbs\/HR_Financira_Europska_unija_RGB_POS-r7tvxf5qj5amg7abj0wh72eevdv5mcjzux6ia6td18.png","contentUrl":"https:\/\/idejadekori.com\/wp-content\/uploads\/elementor\/thumbs\/HR_Financira_Europska_unija_RGB_POS-r7tvxf5qj5amg7abj0wh72eevdv5mcjzux6ia6td18.png"},{"@type":"BreadcrumbList","@id":"https:\/\/idejadekori.com\/en\/eu-project\/#breadcrumb","itemListElement":[{"@type":"ListItem","position":1,"name":"Po\u010detna stranica","item":"https:\/\/idejadekori.com\/"},{"@type":"ListItem","position":2,"name":"EU project"}]},{"@type":"WebSite","@id":"https:\/\/idejadekori.com\/#website","url":"https:\/\/idejadekori.com\/","name":"Ideja Dekori","description":"Zavjese, tende, pergole, tepisi","publisher":{"@id":"https:\/\/idejadekori.com\/#organization"},"potentialAction":[{"@type":"SearchAction","target":{"@type":"EntryPoint","urlTemplate":"https:\/\/idejadekori.com\/?s={search_term_string}"},"query-input":{"@type":"PropertyValueSpecification","valueRequired":true,"valueName":"search_term_string"}}],"inLanguage":"en-US"},{"@type":"Organization","@id":"https:\/\/idejadekori.com\/#organization","name":"Ideja Dekori d.o.o.","url":"https:\/\/idejadekori.com\/","logo":{"@type":"ImageObject","inLanguage":"en-US","@id":"https:\/\/idejadekori.com\/#\/schema\/logo\/image\/","url":"https:\/\/idejadekori.com\/wp-content\/uploads\/2020\/03\/footer-logo.png","contentUrl":"https:\/\/idejadekori.com\/wp-content\/uploads\/2020\/03\/footer-logo.png","width":64,"height":109,"caption":"Ideja Dekori d.o.o."},"image":{"@id":"https:\/\/idejadekori.com\/#\/schema\/logo\/image\/"},"sameAs":["https:\/\/www.facebook.com\/idejadekori\/","https:\/\/www.instagram.com\/ideja.dekori\/"]}]}},"_links":{"self":[{"href":"https:\/\/idejadekori.com\/en\/wp-json\/wp\/v2\/pages\/96604","targetHints":{"allow":["GET"]}}],"collection":[{"href":"https:\/\/idejadekori.com\/en\/wp-json\/wp\/v2\/pages"}],"about":[{"href":"https:\/\/idejadekori.com\/en\/wp-json\/wp\/v2\/types\/page"}],"author":[{"embeddable":true,"href":"https:\/\/idejadekori.com\/en\/wp-json\/wp\/v2\/users\/2"}],"replies":[{"embeddable":true,"href":"https:\/\/idejadekori.com\/en\/wp-json\/wp\/v2\/comments?post=96604"}],"version-history":[{"count":1,"href":"https:\/\/idejadekori.com\/en\/wp-json\/wp\/v2\/pages\/96604\/revisions"}],"predecessor-version":[{"id":96605,"href":"https:\/\/idejadekori.com\/en\/wp-json\/wp\/v2\/pages\/96604\/revisions\/96605"}],"wp:attachment":[{"href":"https:\/\/idejadekori.com\/en\/wp-json\/wp\/v2\/media?parent=96604"}],"curies":[{"name":"wp","href":"https:\/\/api.w.org\/{rel}","templated":true}]}}